{"id":30691,"date":"2022-07-01T13:39:50","date_gmt":"2022-07-01T20:39:50","guid":{"rendered":"https:\/\/centerpointsecurities.ca\/canadastaging\/cp-edge-disclosure\/"},"modified":"2024-07-26T11:53:59","modified_gmt":"2024-07-26T18:53:59","slug":"cp-edge-disclosure","status":"publish","type":"page","link":"https:\/\/centerpointsecurities.ca\/fr\/cp-edge-disclosure\/","title":{"rendered":"Informations relatives \u00e0 CP Edge"},"content":{"rendered":"<p>[et_pb_section fb_built=\u00a0\u00bb1&Prime; _builder_version=\u00a0\u00bb4.18.0&Prime; _module_preset=\u00a0\u00bbdefault\u00a0\u00bb background_color=\u00a0\u00bb#1e1e1e\u00a0\u00bb custom_padding=\u00a0\u00bb30px||||false|false\u00a0\u00bb da_disable_devices=\u00a0\u00bboff|off|off\u00a0\u00bb global_colors_info=\u00a0\u00bb{}\u00a0\u00bb da_is_popup=\u00a0\u00bboff\u00a0\u00bb da_exit_intent=\u00a0\u00bboff\u00a0\u00bb da_has_close=\u00a0\u00bbon\u00a0\u00bb da_alt_close=\u00a0\u00bboff\u00a0\u00bb da_dark_close=\u00a0\u00bboff\u00a0\u00bb da_not_modal=\u00a0\u00bbon\u00a0\u00bb da_is_singular=\u00a0\u00bboff\u00a0\u00bb da_with_loader=\u00a0\u00bboff\u00a0\u00bb da_has_shadow=\u00a0\u00bbon\u00a0\u00bb][et_pb_row _builder_version=\u00a0\u00bb4.17.4&Prime; _module_preset=\u00a0\u00bbdefault\u00a0\u00bb width=\u00a0\u00bb95%\u00a0\u00bb max_width=\u00a0\u00bb800px\u00a0\u00bb hover_enabled=\u00a0\u00bb0&Prime; global_colors_info=\u00a0\u00bb{}\u00a0\u00bb sticky_enabled=\u00a0\u00bb0&Prime;][et_pb_column type=\u00a0\u00bb4_4&Prime; _builder_version=\u00a0\u00bb4.17.4&Prime; _module_preset=\u00a0\u00bbdefault\u00a0\u00bb global_colors_info=\u00a0\u00bb{}\u00a0\u00bb][et_pb_text _builder_version=\u00a0\u00bb4.23.4&Prime; _module_preset=\u00a0\u00bbdefault\u00a0\u00bb text_text_color=\u00a0\u00bb#FFFFFF\u00a0\u00bb text_font_size=\u00a0\u00bb18px\u00a0\u00bb header_text_color=\u00a0\u00bb#FFFFFF\u00a0\u00bb header_line_height=\u00a0\u00bb1.7em\u00a0\u00bb hover_enabled=\u00a0\u00bb0&Prime; global_colors_info=\u00a0\u00bb{}\u00a0\u00bb sticky_enabled=\u00a0\u00bb0&Prime;]<\/p>\n<h1 style=\"text-align: center;\"><strong>Informations relatives \u00e0 CenterPoint Edge<\/strong><\/h1>\n<div aria-setsize=\"-1\" class=\"c-virtual_list__item\" role=\"listitem\" id=\"1704747561.594369\" data-qa=\"virtual-list-item\" data-item-key=\"1704747561.594369\" tabindex=\"0\">\n<div role=\"presentation\" class=\"c-message_kit__background p-message_pane_message__message c-message_kit__message\" data-qa=\"message_container\" data-qa-unprocessed=\"false\" data-qa-placeholder=\"false\">\n<div role=\"document\" aria-roledescription=\"message\" class=\"c-message_kit__hover\" data-qa-hover=\"true\">\n<div class=\"c-message_kit__actions c-message_kit__actions--default\">\n<div class=\"c-message_kit__gutter\">\n<div role=\"presentation\" class=\"c-message_kit__gutter__right\" data-qa=\"message_content\">\n<div class=\"c-message_kit__blocks c-message_kit__blocks--rich_text\">\n<div class=\"c-message__message_blocks c-message__message_blocks--rich_text\" data-qa=\"message-text\">\n<div class=\"p-block_kit_renderer\" data-qa=\"block-kit-renderer\">\n<div class=\"p-block_kit_renderer__block_wrapper p-block_kit_renderer__block_wrapper--first\">\n<div class=\"p-rich_text_block\" dir=\"auto\">\n<div class=\"p-rich_text_section\">CenterPoint (\u00ab CP \u00bb) offre CP Edge \u00e0 ses clients afin d\u2019am\u00e9liorer l\u2019exp\u00e9rience globale de n\u00e9gociation. CP Edge est une compilation d\u2019outils d\u2019aide \u00e0 l\u2019ex\u00e9cution des op\u00e9rations et de services d\u2019information (les \u00ab services \u00bb) fournis par des tiers. CP ne fait pas l\u2019objet d\u2019une propri\u00e9t\u00e9 commune avec ces tiers et n\u2019entretient aucune affiliation directe ou indirecte avec eux. CP ne fait pas la promotion de ces tiers ni ne les cautionne et ne garantit pas que les renseignements et les outils qu\u2019ils fournissent sont exacts ou b\u00e9n\u00e9fiques pour votre exp\u00e9rience de n\u00e9gociation. Il vous incombe d\u2019\u00e9tudier de mani\u00e8re approfondie les services et de vous familiariser avec ceux-ci afin de d\u00e9terminer s\u2019ils peuvent vous aider \u00e0 atteindre vos objectifs de n\u00e9gociation. CP ne pourra \u00eatre tenue responsable des pertes que vous pourriez subir \u00e0 la suite de l\u2019utilisation des services. CP a le droit de modifier les services offerts dans le cadre de CP Edge \u00e0 sa discr\u00e9tion et sans en aviser au pr\u00e9alable ses clients.<\/div>\n<p>&nbsp;<\/p>\n<div class=\"p-rich_text_section\"><strong>Veuillez noter que CP partagera les informations que vous avez fournies dans le pr\u00e9sent document (votre nom et votre adresse \u00e9lectronique) avec les fournisseurs de services tiers afin de faciliter votre utilisation des services offerts dans le cadre de CP Edge. En acceptant les pr\u00e9sentes modalit\u00e9s, vous convenez que CP est autoris\u00e9e \u00e0 partager avec les fournisseurs tiers les renseignements personnels que vous avez soumis dans le pr\u00e9sent document.<\/strong><\/div>\n<p>&nbsp;<\/p>\n<div class=\"p-rich_text_section\">CP ne vend pas de renseignements personnels et a conscience des normes \u00e9lev\u00e9es n\u00e9cessaires pour maintenir la s\u00e9curit\u00e9 et l\u2019int\u00e9grit\u00e9 de vos renseignements personnels. Pour obtenir de plus amples renseignements sur nos politiques de protection des renseignements personnels, veuillez consulter la section \u00ab Communication d\u2019informations \u00bb de notre site Web.<\/div>\n<p><\/br><\/p>\n<div class=\"p-rich_text_section\">Veuillez vous reporter \u00e0 la politique de protection des renseignements personnels ou \u00e0 l\u2019avis des fournisseurs tiers pour obtenir de l\u2019information sur les pratiques, les choix et les contr\u00f4les en mati\u00e8re de protection des renseignements personnels du fournisseur, ou communiquez directement avec le fournisseur tiers.<\/div>\n<\/div>\n<\/div>\n<\/div>\n<\/div>\n<\/div>\n<\/div>\n<\/div>\n<\/div>\n<\/div>\n<\/div>\n<\/div>\n<p>[\/et_pb_text][\/et_pb_column][\/et_pb_row][\/et_pb_section]<\/p>\n","protected":false},"excerpt":{"rendered":"<p>Informations relatives \u00e0 CenterPoint Edge CenterPoint (\u00ab CP \u00bb) offre CP Edge \u00e0 ses clients afin d\u2019am\u00e9liorer l\u2019exp\u00e9rience globale de n\u00e9gociation. CP Edge est une compilation d\u2019outils d\u2019aide \u00e0 l\u2019ex\u00e9cution des op\u00e9rations et de services d\u2019information (les \u00ab services \u00bb) fournis par des tiers. CP ne fait pas l\u2019objet d\u2019une propri\u00e9t\u00e9 commune avec ces tiers [&hellip;]<\/p>\n","protected":false},"author":9,"featured_media":0,"parent":0,"menu_order":0,"comment_status":"closed","ping_status":"closed","template":"","meta":{"_et_pb_use_builder":"on","_et_pb_old_content":"","_et_gb_content_width":"","footnotes":""},"class_list":["post-30691","page","type-page","status-publish","hentry"],"_links":{"self":[{"href":"https:\/\/centerpointsecurities.ca\/fr\/wp-json\/wp\/v2\/pages\/30691","targetHints":{"allow":["GET"]}}],"collection":[{"href":"https:\/\/centerpointsecurities.ca\/fr\/wp-json\/wp\/v2\/pages"}],"about":[{"href":"https:\/\/centerpointsecurities.ca\/fr\/wp-json\/wp\/v2\/types\/page"}],"author":[{"embeddable":true,"href":"https:\/\/centerpointsecurities.ca\/fr\/wp-json\/wp\/v2\/users\/9"}],"replies":[{"embeddable":true,"href":"https:\/\/centerpointsecurities.ca\/fr\/wp-json\/wp\/v2\/comments?post=30691"}],"version-history":[{"count":5,"href":"https:\/\/centerpointsecurities.ca\/fr\/wp-json\/wp\/v2\/pages\/30691\/revisions"}],"predecessor-version":[{"id":30708,"href":"https:\/\/centerpointsecurities.ca\/fr\/wp-json\/wp\/v2\/pages\/30691\/revisions\/30708"}],"wp:attachment":[{"href":"https:\/\/centerpointsecurities.ca\/fr\/wp-json\/wp\/v2\/media?parent=30691"}],"curies":[{"name":"wp","href":"https:\/\/api.w.org\/{rel}","templated":true}]}}