{"id":30700,"date":"2023-02-15T11:38:30","date_gmt":"2023-02-15T19:38:30","guid":{"rendered":"https:\/\/centerpointsecurities.ca\/canadastaging\/recherche-pour-reperage-de-ventes-a-decouvert\/"},"modified":"2024-08-19T06:26:03","modified_gmt":"2024-08-19T13:26:03","slug":"recherche-pour-reperage-de-ventes-a-decouvert","status":"publish","type":"page","link":"https:\/\/centerpointsecurities.ca\/fr\/recherche-pour-reperage-de-ventes-a-decouvert\/","title":{"rendered":"Recherche pour rep\u00e9rage de ventes \u00e0 d\u00e9couvert"},"content":{"rendered":"<p>[et_pb_section fb_built=\u00a0\u00bb1&Prime; _builder_version=\u00a0\u00bb4.19.5&Prime; _module_preset=\u00a0\u00bbdefault\u00a0\u00bb background_color=\u00a0\u00bb#1e1e1e\u00a0\u00bb da_disable_devices=\u00a0\u00bboff|off|off\u00a0\u00bb global_colors_info=\u00a0\u00bb{}\u00a0\u00bb da_is_popup=\u00a0\u00bboff\u00a0\u00bb da_exit_intent=\u00a0\u00bboff\u00a0\u00bb da_has_close=\u00a0\u00bbon\u00a0\u00bb da_alt_close=\u00a0\u00bboff\u00a0\u00bb da_dark_close=\u00a0\u00bboff\u00a0\u00bb da_not_modal=\u00a0\u00bbon\u00a0\u00bb da_is_singular=\u00a0\u00bboff\u00a0\u00bb da_with_loader=\u00a0\u00bboff\u00a0\u00bb da_has_shadow=\u00a0\u00bbon\u00a0\u00bb][et_pb_row _builder_version=\u00a0\u00bb4.19.5&Prime; _module_preset=\u00a0\u00bbdefault\u00a0\u00bb global_colors_info=\u00a0\u00bb{}\u00a0\u00bb][et_pb_column type=\u00a0\u00bb4_4&Prime; _builder_version=\u00a0\u00bb4.19.5&Prime; _module_preset=\u00a0\u00bbdefault\u00a0\u00bb global_colors_info=\u00a0\u00bb{}\u00a0\u00bb][et_pb_text _builder_version=\u00a0\u00bb4.22.2&Prime; _module_preset=\u00a0\u00bbdefault\u00a0\u00bb text_text_color=\u00a0\u00bb#FFFFFF\u00a0\u00bb header_font_size=\u00a0\u00bb55px\u00a0\u00bb header_letter_spacing=\u00a0\u00bb-0.03em\u00a0\u00bb header_line_height=\u00a0\u00bb60px\u00a0\u00bb text_orientation=\u00a0\u00bbcenter\u00a0\u00bb global_colors_info=\u00a0\u00bb{}\u00a0\u00bb]<\/p>\n<h1 class=\"greengradient\">Recherche pour rep\u00e9rage de ventes \u00e0 d\u00e9couvert<\/h1>\n<p><em>Cet outil est con\u00e7u \u00e0 titre \u00e9ducatif seulement<\/em><\/p>\n<p>[\/et_pb_text][et_pb_code module_class=\u00a0\u00bbshortlocate\u00a0\u00bb _builder_version=\u00a0\u00bb4.27.0&Prime; _module_preset=\u00a0\u00bbdefault\u00a0\u00bb hover_enabled=\u00a0\u00bb0&Prime; global_colors_info=\u00a0\u00bb{}\u00a0\u00bb sticky_enabled=\u00a0\u00bb0&Prime;]<script src=\"https:\/\/www.google.com\/recaptcha\/api.js?render=6LfFQXsoAAAAAFoUErlOnAQ6xhii_A2bP4C_mLVk\"><\/script><!-- [et_pb_line_break_holder] --><\/p>\n<div><!-- [et_pb_line_break_holder] -->\t<label for=\"symbol\">Saisir le symbole boursier:<\/label><!-- [et_pb_line_break_holder] -->\t<input id=\"symbol\" type=\"text\" style=\"width: 110px;\" maxlength=12\/><!-- [et_pb_line_break_holder] -->\t<button id=\"submit-btn\">Rep\u00e9rer<\/button><!-- [et_pb_line_break_holder] --><\/div>\n<p><!-- [et_pb_line_break_holder] --><\/p>\n<div id=\"result\" style=\"font-size: 16px; font-weight: bold;\"><!-- [et_pb_line_break_holder] --><!\u2013- [et_pb_br_holder] -\u2013><!-- [et_pb_line_break_holder] --><span class=\"ticker\"><\/span><!-- [et_pb_line_break_holder] --><!\u2013- [et_pb_br_holder] -\u2013><!-- [et_pb_line_break_holder] --><span class=\"price\"><\/span><!-- [et_pb_line_break_holder] --><!\u2013- [et_pb_br_holder] -\u2013><!-- [et_pb_line_break_holder] --><span class=\"timestamp\"><\/span><!-- [et_pb_line_break_holder] --><\/div>\n<p><!-- [et_pb_line_break_holder] --><script><!-- [et_pb_line_break_holder] -->  function submitForm() {<!-- [et_pb_line_break_holder] -->    <!-- [et_pb_line_break_holder] -->    grecaptcha.execute('6LfFQXsoAAAAAFoUErlOnAQ6xhii_A2bP4C_mLVk', {action: 'submit'}).then(function(token) {<!-- [et_pb_line_break_holder] -->    \/\/ Get the value of the symbol input<!-- [et_pb_line_break_holder] -->    var symbol = document.getElementById(\"symbol\").value;<!-- [et_pb_line_break_holder] -->    updateSpan(\"result\",\"ticker\", \"Sending request... Please wait, this may take up to 30 seconds...\");<!-- [et_pb_line_break_holder] -->    updateSpan(\"result\",\"price\", \"\");<!-- [et_pb_line_break_holder] -->    updateSpan(\"result\",\"timestamp\", \"\");<!-- [et_pb_line_break_holder] -->    \/\/ Send an AJAX request to the server<!-- [et_pb_line_break_holder] -->    var xhr = new XMLHttpRequest();<!-- [et_pb_line_break_holder] -->    xhr.open(\"POST\", \"\/scripts\/locates-pricing.php\", true);<!-- [et_pb_line_break_holder] -->    xhr.setRequestHeader(\"Content-Type\", \"application\/x-www-form-urlencoded\");<!-- [et_pb_line_break_holder] -->    xhr.onreadystatechange = function() {<!-- [et_pb_line_break_holder] -->      if (this.readyState === 4 && this.status === 200) {<!-- [et_pb_line_break_holder] -->        \/\/ Get the response from the server<!-- [et_pb_line_break_holder] -->        var result = JSON.parse(this.responseText);<!-- [et_pb_line_break_holder] -->        \/\/ Display the results<!-- [et_pb_line_break_holder] -->        if (result.Price == -1 || result.Price == null) {<!-- [et_pb_line_break_holder] -->            var price = result.Notes<!-- [et_pb_line_break_holder] -->            if (result.Notes == \"ETB\"){<!-- [et_pb_line_break_holder] -->                updateSpan(\"result\",\"ticker\", result.Symbol + \" is easy to borrow!\");<!-- [et_pb_line_break_holder] -->            }<!-- [et_pb_line_break_holder] -->\t    else if (result.Symbol == null){<!-- [et_pb_line_break_holder] -->\t\tupdateSpan(\"result\",\"ticker\",symbol + \" Data Unavailable\");<!-- [et_pb_line_break_holder] -->\t\t}<!-- [et_pb_line_break_holder] -->            else {<!-- [et_pb_line_break_holder] -->                updateSpan(\"result\",\"ticker\", result.Symbol + \" Data Unavailable\");<!-- [et_pb_line_break_holder] -->            }<!-- [et_pb_line_break_holder] -->        }<!-- [et_pb_line_break_holder] -->        else {<!-- [et_pb_line_break_holder] -->            var price = result.Price<!-- [et_pb_line_break_holder] -->            updateSpan(\"result\",\"ticker\", result.Symbol + \" Locates Available!\");<!-- [et_pb_line_break_holder] -->        }<!-- [et_pb_line_break_holder] -->        <!-- [et_pb_line_break_holder] -->        updateSpan(\"result\",\"price\", \"Locate Price: \" + price);<!-- [et_pb_line_break_holder] -->        updateSpan(\"result\",\"timestamp\", \"as of \" + result.Time);<!-- [et_pb_line_break_holder] -->      }<!-- [et_pb_line_break_holder] -->      if (this.status == 429) {<!-- [et_pb_line_break_holder] -->  updateSpan(\"result\",\"ticker\",\"Too many requests, please wait 60 seconds and try again.\")<!-- [et_pb_line_break_holder] -->}<!-- [et_pb_line_break_holder] -->    };<!-- [et_pb_line_break_holder] -->    xhr.send(\"symbol=\" + symbol + \"&token=\" + token);<!-- [et_pb_line_break_holder] -->  });<!-- [et_pb_line_break_holder] -->}<!-- [et_pb_line_break_holder] -->  document.getElementById(\"submit-btn\").addEventListener(\"click\", submitForm);<!-- [et_pb_line_break_holder] -->  document.getElementById(\"symbol\").addEventListener(\"keyup\", function(event) {<!-- [et_pb_line_break_holder] -->    if (event.keyCode === 13) {<!-- [et_pb_line_break_holder] -->      submitForm();<!-- [et_pb_line_break_holder] -->    }<!-- [et_pb_line_break_holder] -->  });<!-- [et_pb_line_break_holder] -->  <!-- [et_pb_line_break_holder] -->  function updateSpan(div,span_class,value) {<!-- [et_pb_line_break_holder] -->    var divElement = document.getElementById(div);<!-- [et_pb_line_break_holder] -->    var spanElement = document.createElement(\"span\");<!-- [et_pb_line_break_holder] -->    spanElement.setAttribute(\"class\", span_class);<!-- [et_pb_line_break_holder] -->    spanElement.innerText = value;<!-- [et_pb_line_break_holder] -->    divElement.replaceChild(spanElement, divElement.getElementsByClassName(span_class)[0]);<!-- [et_pb_line_break_holder] -->  }<!-- [et_pb_line_break_holder] -->  <!-- [et_pb_line_break_holder] --><\/script>[\/et_pb_code][\/et_pb_column][\/et_pb_row][et_pb_row _builder_version=\u00a0\u00bb4.20.4&Prime; _module_preset=\u00a0\u00bbdefault\u00a0\u00bb global_colors_info=\u00a0\u00bb{}\u00a0\u00bb][et_pb_column type=\u00a0\u00bb4_4&Prime; _builder_version=\u00a0\u00bb4.20.4&Prime; _module_preset=\u00a0\u00bbdefault\u00a0\u00bb global_colors_info=\u00a0\u00bb{}\u00a0\u00bb][et_pb_text _builder_version=\u00a0\u00bb4.20.4&Prime; _module_preset=\u00a0\u00bbdefault\u00a0\u00bb text_font=\u00a0\u00bb||on||||||\u00a0\u00bb text_text_color=\u00a0\u00bb#585858&Prime; text_font_size=\u00a0\u00bb14px\u00a0\u00bb text_line_height=\u00a0\u00bb20px\u00a0\u00bb text_orientation=\u00a0\u00bbcenter\u00a0\u00bb max_width=\u00a0\u00bb700px\u00a0\u00bb module_alignment=\u00a0\u00bbcenter\u00a0\u00bb global_colors_info=\u00a0\u00bb{}\u00a0\u00bb]Le prix et la disponibilit\u00e9 du rep\u00e9rage sont fournis \u00e0 titre indicatif<\/span> seulement et peuvent changer. Le prix du rep\u00e9rage provient de plusieurs sources et repr\u00e9sente le meilleur prix disponible au moment de l\u2019affichage. Certains syst\u00e8mes de rep\u00e9rage, y compris ceux qui affichent le meilleur prix, peuvent ne pas \u00eatre disponibles pour certains n\u00e9gociateurs.[\/et_pb_text][\/et_pb_column][\/et_pb_row][\/et_pb_section]<\/p>\n","protected":false},"excerpt":{"rendered":"<p>Recherche pour rep\u00e9rage de ventes \u00e0 d\u00e9couvert Cet outil est con\u00e7u \u00e0 titre \u00e9ducatif seulementLe prix et la disponibilit\u00e9 du rep\u00e9rage sont fournis \u00e0 titre indicatif seulement et peuvent changer. Le prix du rep\u00e9rage provient de plusieurs sources et repr\u00e9sente le meilleur prix disponible au moment de l\u2019affichage. Certains syst\u00e8mes de rep\u00e9rage, y compris ceux [&hellip;]<\/p>\n","protected":false},"author":9,"featured_media":0,"parent":0,"menu_order":0,"comment_status":"closed","ping_status":"closed","template":"","meta":{"_et_pb_use_builder":"on","_et_pb_old_content":"","_et_gb_content_width":"","footnotes":""},"class_list":["post-30700","page","type-page","status-publish","hentry"],"_links":{"self":[{"href":"https:\/\/centerpointsecurities.ca\/fr\/wp-json\/wp\/v2\/pages\/30700","targetHints":{"allow":["GET"]}}],"collection":[{"href":"https:\/\/centerpointsecurities.ca\/fr\/wp-json\/wp\/v2\/pages"}],"about":[{"href":"https:\/\/centerpointsecurities.ca\/fr\/wp-json\/wp\/v2\/types\/page"}],"author":[{"embeddable":true,"href":"https:\/\/centerpointsecurities.ca\/fr\/wp-json\/wp\/v2\/users\/9"}],"replies":[{"embeddable":true,"href":"https:\/\/centerpointsecurities.ca\/fr\/wp-json\/wp\/v2\/comments?post=30700"}],"version-history":[{"count":3,"href":"https:\/\/centerpointsecurities.ca\/fr\/wp-json\/wp\/v2\/pages\/30700\/revisions"}],"predecessor-version":[{"id":30913,"href":"https:\/\/centerpointsecurities.ca\/fr\/wp-json\/wp\/v2\/pages\/30700\/revisions\/30913"}],"wp:attachment":[{"href":"https:\/\/centerpointsecurities.ca\/fr\/wp-json\/wp\/v2\/media?parent=30700"}],"curies":[{"name":"wp","href":"https:\/\/api.w.org\/{rel}","templated":true}]}}