{"id":30724,"date":"2022-09-16T01:35:13","date_gmt":"2022-09-16T08:35:13","guid":{"rendered":"https:\/\/centerpointsecurities.ca\/canadastaging\/faq-sur-loutil-de-reperage-de-ventes-a-decouvert\/"},"modified":"2024-09-17T11:51:58","modified_gmt":"2024-09-17T18:51:58","slug":"faq-sur-loutil-de-reperage-de-ventes-a-decouvert","status":"publish","type":"page","link":"https:\/\/centerpointsecurities.ca\/fr\/faq-sur-loutil-de-reperage-de-ventes-a-decouvert\/","title":{"rendered":"FAQ sur l\u2019outil de rep\u00e9rage de ventes \u00e0 d\u00e9couvert"},"content":{"rendered":"<p>[et_pb_section fb_built=\u00a0\u00bb1&Prime; _builder_version=\u00a0\u00bb4.18.0&Prime; _module_preset=\u00a0\u00bbdefault\u00a0\u00bb background_enable_color=\u00a0\u00bboff\u00a0\u00bb background_image=\u00a0\u00bbhttps:\/\/centerpointsecurities.com\/wp-content\/uploads\/2022\/08\/MBG2.png\u00a0\u00bb background_size=\u00a0\u00bbcontain\u00a0\u00bb background_position=\u00a0\u00bbtop_center\u00a0\u00bb background_blend=\u00a0\u00bboverlay\u00a0\u00bb custom_margin=\u00a0\u00bb||||false|false\u00a0\u00bb custom_padding=\u00a0\u00bb|5%||5%|false|true\u00a0\u00bb custom_css_main_element=\u00a0\u00bbbackground:linear-gradient(180.03deg, rgba(49, 212, 123, 0) 69.5%, rgba(49, 212, 123, 0.63) 77.91%, rgba(40, 185, 248, 0.4) 84.42%, rgba(183, 158, 235, 0.2) 91.24%, rgba(183, 158, 235, 0.07) 99.97%);;||background-repeat: no-repeat;\u00a0\u00bb da_disable_devices=\u00a0\u00bboff|off|off\u00a0\u00bb locked=\u00a0\u00bboff\u00a0\u00bb global_colors_info=\u00a0\u00bb{}\u00a0\u00bb da_is_popup=\u00a0\u00bboff\u00a0\u00bb da_exit_intent=\u00a0\u00bboff\u00a0\u00bb da_has_close=\u00a0\u00bbon\u00a0\u00bb da_alt_close=\u00a0\u00bboff\u00a0\u00bb da_dark_close=\u00a0\u00bboff\u00a0\u00bb da_not_modal=\u00a0\u00bbon\u00a0\u00bb da_is_singular=\u00a0\u00bboff\u00a0\u00bb da_with_loader=\u00a0\u00bboff\u00a0\u00bb da_has_shadow=\u00a0\u00bbon\u00a0\u00bb][et_pb_row custom_padding_last_edited=\u00a0\u00bbon|phone\u00a0\u00bb _builder_version=\u00a0\u00bb4.18.0&Prime; _module_preset=\u00a0\u00bbdefault\u00a0\u00bb width=\u00a0\u00bb100%\u00a0\u00bb height_tablet=\u00a0\u00bb\u00a0\u00bb height_phone=\u00a0\u00bb\u00a0\u00bb height_last_edited=\u00a0\u00bbon|desktop\u00a0\u00bb custom_padding=\u00a0\u00bb0px||90px||false|false\u00a0\u00bb custom_padding_tablet=\u00a0\u00bb0px||50px||false|false\u00a0\u00bb custom_padding_phone=\u00a0\u00bb0px||20px||false|false\u00a0\u00bb global_colors_info=\u00a0\u00bb{}\u00a0\u00bb][et_pb_column type=\u00a0\u00bb4_4&Prime; _builder_version=\u00a0\u00bb4.18.0&Prime; _module_preset=\u00a0\u00bbdefault\u00a0\u00bb global_colors_info=\u00a0\u00bb{}\u00a0\u00bb][et_pb_text _builder_version=\u00a0\u00bb4.18.0&Prime; _module_preset=\u00a0\u00bbdefault\u00a0\u00bb text_font=\u00a0\u00bbMontserrat|600|||||||\u00a0\u00bb text_text_color=\u00a0\u00bb#FFFFFF\u00a0\u00bb text_font_size=\u00a0\u00bb56px\u00a0\u00bb text_letter_spacing=\u00a0\u00bb-0.03em\u00a0\u00bb text_line_height=\u00a0\u00bb62px\u00a0\u00bb text_orientation=\u00a0\u00bbcenter\u00a0\u00bb custom_margin=\u00a0\u00bb||30px||false|false\u00a0\u00bb text_font_size_tablet=\u00a0\u00bb56px\u00a0\u00bb text_font_size_phone=\u00a0\u00bb30px\u00a0\u00bb text_font_size_last_edited=\u00a0\u00bbon|phone\u00a0\u00bb text_line_height_tablet=\u00a0\u00bb62px\u00a0\u00bb text_line_height_phone=\u00a0\u00bb34px\u00a0\u00bb text_line_height_last_edited=\u00a0\u00bbon|phone\u00a0\u00bb custom_css_main_element=\u00a0\u00bbfont-weight: 600;\u00a0\u00bb global_colors_info=\u00a0\u00bb{}\u00a0\u00bb]<\/p>\n<p><span class=\"bluegradient\">FAQ sur l\u2019outil de rep\u00e9rage de ventes \u00e0 d\u00e9couvert<\/span><\/p>\n<p>[\/et_pb_text][et_pb_text _builder_version=\u00a0\u00bb4.20.4&Prime; _module_preset=\u00a0\u00bbdefault\u00a0\u00bb text_font=\u00a0\u00bbInter|500|||||||\u00a0\u00bb text_text_color=\u00a0\u00bb#FFFFFF\u00a0\u00bb text_font_size=\u00a0\u00bb24px\u00a0\u00bb text_orientation=\u00a0\u00bbcenter\u00a0\u00bb custom_margin=\u00a0\u00bb||0px||false|false\u00a0\u00bb text_font_size_tablet=\u00a0\u00bb18px\u00a0\u00bb text_font_size_phone=\u00a0\u00bb18px\u00a0\u00bb text_font_size_last_edited=\u00a0\u00bbon|phone\u00a0\u00bb global_colors_info=\u00a0\u00bb{}\u00a0\u00bb]<\/p>\n<p><span>Mieux comprendre l\u2019outil de rep\u00e9rage de ventes \u00e0 d\u00e9couvert et ses fonctionnalit\u00e9s.<\/span><\/p>\n<p>[\/et_pb_text][\/et_pb_column][\/et_pb_row][et_pb_row custom_padding_last_edited=\u00a0\u00bbon|phone\u00a0\u00bb _builder_version=\u00a0\u00bb4.18.0&Prime; _module_preset=\u00a0\u00bbdefault\u00a0\u00bb width=\u00a0\u00bb95%\u00a0\u00bb custom_padding=\u00a0\u00bb0px||100px||false|false\u00a0\u00bb custom_padding_tablet=\u00a0\u00bb0px||50px||false|false\u00a0\u00bb custom_padding_phone=\u00a0\u00bb0px||20px||false|false\u00a0\u00bb global_colors_info=\u00a0\u00bb{}\u00a0\u00bb][et_pb_column type=\u00a0\u00bb4_4&Prime; _builder_version=\u00a0\u00bb4.18.0&Prime; _module_preset=\u00a0\u00bbdefault\u00a0\u00bb global_colors_info=\u00a0\u00bb{}\u00a0\u00bb][et_pb_accordion open_toggle_text_color=\u00a0\u00bb#FFFFFF\u00a0\u00bb open_toggle_background_color=\u00a0\u00bb#4e4e4e\u00a0\u00bb closed_toggle_background_color=\u00a0\u00bb#333333&Prime; module_class=\u00a0\u00bbslt-faq\u00a0\u00bb _builder_version=\u00a0\u00bb4.27.0&Prime; _module_preset=\u00a0\u00bbdefault\u00a0\u00bb toggle_text_color=\u00a0\u00bb#FFFFFF\u00a0\u00bb toggle_font=\u00a0\u00bbInter||||||||\u00a0\u00bb toggle_font_size=\u00a0\u00bb18px\u00a0\u00bb toggle_line_height=\u00a0\u00bb1.11em\u00a0\u00bb body_font=\u00a0\u00bbInter||||||||\u00a0\u00bb body_text_color=\u00a0\u00bb#FFFFFF\u00a0\u00bb body_font_size=\u00a0\u00bb18px\u00a0\u00bb body_line_height=\u00a0\u00bb1.66em\u00a0\u00bb width=\u00a0\u00bb100%\u00a0\u00bb max_width=\u00a0\u00bb830px\u00a0\u00bb module_alignment=\u00a0\u00bbcenter\u00a0\u00bb custom_margin=\u00a0\u00bb||||false|false\u00a0\u00bb custom_padding=\u00a0\u00bb40px||||false|false\u00a0\u00bb hover_enabled=\u00a0\u00bb0&Prime; border_radii=\u00a0\u00bbon|20px|20px|20px|20px\u00a0\u00bb border_width_all=\u00a0\u00bb0px\u00a0\u00bb global_colors_info=\u00a0\u00bb{}\u00a0\u00bb sticky_enabled=\u00a0\u00bb0&Prime;][et_pb_accordion_item title=\u00a0\u00bbQu\u2019est-ce que l\u2019outil de rep\u00e9rage de ventes \u00e0 d\u00e9couvert?\u00a0\u00bb open=\u00a0\u00bbon\u00a0\u00bb _builder_version=\u00a0\u00bb4.20.4&Prime; _module_preset=\u00a0\u00bbdefault\u00a0\u00bb global_colors_info=\u00a0\u00bb{}\u00a0\u00bb]<\/p>\n<p>L\u2019outil de rep\u00e9rage de ventes \u00e0 d\u00e9couvert est un logiciel exclusif connect\u00e9 au \u00ab service de ventes \u00e0 d\u00e9couvert \u00bb d\u2019une soci\u00e9t\u00e9 de compensation ou d\u2019un courtier tiers. Il sert \u00e0 rep\u00e9rer les actions qui doivent \u00eatre rep\u00e9r\u00e9es pour la vente \u00e0 d\u00e9couvert, \u00e0 condition qu\u2019il y ait suffisamment d\u2019actions disponibles pour le faire.<\/p>\n<p>[\/et_pb_accordion_item][et_pb_accordion_item title=\u00a0\u00bbCombien co\u00fbte un rep\u00e9rage?\u00a0\u00bb _builder_version=\u00a0\u00bb4.20.4&Prime; _module_preset=\u00a0\u00bbdefault\u00a0\u00bb global_colors_info=\u00a0\u00bb{}\u00a0\u00bb open=\u00a0\u00bboff\u00a0\u00bb]<\/p>\n<p><span>Chaque symbole a un co\u00fbt diff\u00e9rent en fonction des facteurs du march\u00e9. Les frais sont calcul\u00e9s par action. <\/span><\/p>\n<p>[\/et_pb_accordion_item][et_pb_accordion_item title=\u00a0\u00bbQuand ces frais sont-ils d\u00e9duits de mon compte?\u00a0\u00bb _builder_version=\u00a0\u00bb4.20.4&Prime; _module_preset=\u00a0\u00bbdefault\u00a0\u00bb global_colors_info=\u00a0\u00bb{}\u00a0\u00bb open=\u00a0\u00bboff\u00a0\u00bb]<\/p>\n<p>Ces frais seront d\u00e9duits quotidiennement, le jour ouvrable suivant. Vous verrez un poste intitul\u00e9 \u00ab XYZ Date Locate Fees (frais li\u00e9s au rep\u00e9rage d\u2019actions \u00e0 la date XYZ) \u00bb sur la page \u00ab Activity (Activit\u00e9) \u00bb du portail de votre compte. <\/p>\n<p>[\/et_pb_accordion_item][et_pb_accordion_item title=\u00a0\u00bbComment fonctionne l\u2019outil de rep\u00e9rage de ventes \u00e0 d\u00e9couvert?\u00a0\u00bb _builder_version=\u00a0\u00bb4.20.4&Prime; _module_preset=\u00a0\u00bbdefault\u00a0\u00bb global_colors_info=\u00a0\u00bb{}\u00a0\u00bb open=\u00a0\u00bboff\u00a0\u00bb]<\/p>\n<ul>\n<li data-stringify-indent=\"0\" data-stringify-border=\"0\">Vous pouvez acc\u00e9der \u00e0 l\u2019outil de rep\u00e9rage de ventes \u00e0 d\u00e9couvert en allant dans la barre d\u2019outils principale de votre plateforme de n\u00e9gociation et en s\u00e9lectionnant : Trade (N\u00e9gociation) &#8211;&gt; (Rep\u00e9rage de ventes \u00e0 d\u00e9couvert). Dans le champ \u00ab Price Inquiry (demande de prix) \u00bb, entrez le symbole et le nombre d\u2019actions, s\u00e9lectionnez le syst\u00e8me et cliquez sur \u00ab Inquire (rechercher) \u00bb. Veuillez vous reporter \u00e0 la FAQ ci-dessous pour plus d\u2019information sur les r\u00e9sultats potentiels.  <\/li>\n<li data-stringify-indent=\"0\" data-stringify-border=\"0\">Si vous acceptez les actions, vous serez d\u00e9bit\u00e9, que vous ex\u00e9cutiez ou non un ordre, car votre acceptation r\u00e9duit les stocks d\u2019actions \u00e0 la disposition de tous les clients. La quantit\u00e9 d\u2019actions que vous acceptez peut \u00eatre utilis\u00e9e pour la sp\u00e9culation sur s\u00e9ance sans qu\u2019il soit n\u00e9cessaire de rep\u00e9rer d\u2019autres actions. <\/li>\n<li data-stringify-indent=\"0\" data-stringify-border=\"0\">L\u2019outil de rep\u00e9rage de ventes \u00e0 d\u00e9couvert est disponible de 4 h \u00e0 19 h HNE pour les clients de CenterPoint.<\/li>\n<\/ul>\n<p><img loading=\"lazy\" decoding=\"async\" src=\"https:\/\/centerpointsecurities.com\/wp-content\/uploads\/2023\/04\/Short-Locate-Tool.jpg\" width=\"800\" height=\"242\" alt=\"Outil de rep\u00e9rage de ventes \u00e0 d\u00e9couvert\" class=\"wp-image-28270 alignnone size-full\"><\/p>\n<p>[\/et_pb_accordion_item][et_pb_accordion_item title=\u00a0\u00bbQuelle est la dur\u00e9e de validit\u00e9 de mon rep\u00e9rage?\u00a0\u00bb _builder_version=\u00a0\u00bb4.20.4&Prime; _module_preset=\u00a0\u00bbdefault\u00a0\u00bb global_colors_info=\u00a0\u00bb{}\u00a0\u00bb open=\u00a0\u00bboff\u00a0\u00bb]<\/p>\n<ul>\n<li>Tous les rep\u00e9rages ne sont valables que pour la journ\u00e9e et expirent \u00e0 20 h, heure de l\u2019Est (syst\u00e8mes Atlas et CLSX).<\/li>\n<li>Vous pouvez d\u00e9tenir jusqu\u2019\u00e0 25 000 actions par symbole sans frais suppl\u00e9mentaires li\u00e9s au rep\u00e9rage pendant la nuit. Si vous d\u00e9tenez plus de 25 000 actions, vous devrez payer des frais de nuit correspondant \u00e0 deux fois les frais li\u00e9s au rep\u00e9rage de l\u2019action en question (syst\u00e8mes CLSX uniquement). <\/li>\n<li>Toutes les positions vendeur d\u00e9tenues pendant la nuit sont \u00e9galement assujetties \u00e0 des int\u00e9r\u00eats \u00e0 d\u00e9couvert.<\/li>\n<\/ul>\n<p>[\/et_pb_accordion_item][et_pb_accordion_item title=\u00a0\u00bbQue sont les syst\u00e8mes de rep\u00e9rage ATLAS?\u00a0\u00bb _builder_version=\u00a0\u00bb4.20.4&Prime; _module_preset=\u00a0\u00bbdefault\u00a0\u00bb global_colors_info=\u00a0\u00bb{}\u00a0\u00bb open=\u00a0\u00bboff\u00a0\u00bb]<\/p>\n<p>Les syst\u00e8mes ATLAS sont destin\u00e9s aux strat\u00e9gies de sp\u00e9culation sur s\u00e9ance lorsqu\u2019un rep\u00e9rage est n\u00e9cessaire pour la vente \u00e0 d\u00e9couvert. Ils diff\u00e8rent des syst\u00e8mes CLSX standard qui peuvent \u00eatre utilis\u00e9s pour les strat\u00e9gies de sp\u00e9culation sur s\u00e9ance OU les strat\u00e9gies ax\u00e9es sur les renversements. <\/p>\n<p>Les r\u00e9seaux ATLAS s\u2019afficheront sur votre plateforme de n\u00e9gociation dans le format suivant : ATLAS, ATLAS1, ATLAS2 et ATLAS3.<\/p>\n<p>[\/et_pb_accordion_item][et_pb_accordion_item title=\u00a0\u00bb Comment puis-je utiliser le syst\u00e8me \u00ab ATLAS \u00bb?\u00a0\u00bb _builder_version=\u00a0\u00bb4.20.4&Prime; _module_preset=\u00a0\u00bbdefault\u00a0\u00bb global_colors_info=\u00a0\u00bb{}\u00a0\u00bb open=\u00a0\u00bboff\u00a0\u00bb]<\/p>\n<p><span style=\"font-weight: 400;\">S\u00e9lectionnez le symbole et les actions que vous souhaitez rep\u00e9rer et s\u00e9lectionnez le syst\u00e8me ATLAS. <\/span><\/p>\n<p><span style=\"font-weight: 400;\">Une fois la s\u00e9lection effectu\u00e9e, appuyez sur <\/span><b>Inquire (rechercher)<\/b><span style=\"font-weight: 400;\">.<\/span><\/p>\n<p><span style=\"font-weight: 400;\">Dans l\u2019encadr\u00e9, vous avez la possibilit\u00e9 d\u2019accepter ou de refuser l\u2019offre.<\/span><\/p>\n<p><span style=\"font-weight: 400;\">Pour rep\u00e9rer les actions, appuyez sur <\/span><b>Accept Offer (accepter l\u2019offre)<\/b><span style=\"font-weight: 400;\">.<\/span><\/p>\n<p><span style=\"font-weight: 400;\">Un encadr\u00e9 s\u2019affichera et vous confirmera le prix par action et le co\u00fbt total. Une fois que vous aurez appuy\u00e9 sur Accepter, vous aurez acc\u00e8s au  <\/span><i><span style=\"font-weight: 400;\">rep\u00e9rage <\/span><\/i><span style=\"font-weight: 400;\">pour la journ\u00e9e!<\/span><\/p>\n<p>[\/et_pb_accordion_item][et_pb_accordion_item title=\u00a0\u00bbComment puis-je utiliser les syst\u00e8mes de rep\u00e9rage \u00ab ATLAS1\/2\/3 \u00bb?\u00a0\u00bb _builder_version=\u00a0\u00bb4.20.4&Prime; _module_preset=\u00a0\u00bbdefault\u00a0\u00bb global_colors_info=\u00a0\u00bb{}\u00a0\u00bb open=\u00a0\u00bboff\u00a0\u00bb]<\/p>\n<p><span style=\"font-weight: 400;\">Dans l\u2019outil de rep\u00e9rage de ventes \u00e0 d\u00e9couvert, s\u00e9lectionnez le syst\u00e8me ATLAS1, ATLAS2 ou ATLAS3 que vous souhaitez utiliser.<\/span><\/p>\n<p><span style=\"font-weight: 400;\">Saisissez le nombre total d\u2019actions que vous souhaitez v\u00e9rifier, puis appuyez sur <\/span><b>Inquire (rechercher)<\/b><span style=\"font-weight: 400;\">.<\/span><\/p>\n<p><span style=\"font-weight: 400;\">L\u2019encadr\u00e9 vert vous indique le nombre d\u2019actions disponibles et leur prix. <\/span><\/p>\n<p><span style=\"font-weight: 400;\">Pour rep\u00e9rer les actions disponibles, entrez le montant que vous <\/span><span style=\"font-weight: 400;\">souhaitez rep\u00e9rer, sans d\u00e9passer le montant que vous avez demand\u00e9, et cliquez sur <\/span><b>Locate Order (rep\u00e9rer l\u2019ordre).<\/b><\/p>\n<p><span style=\"font-weight: 400;\">Un encadr\u00e9 s\u2019affichera et confirmera le prix par action et le co\u00fbt total. Une fois que vous aurez appuy\u00e9 sur Accepter, vous aurez acc\u00e8s au  <\/span><i><span style=\"font-weight: 400;\">rep\u00e9rage <\/span><\/i><span style=\"font-weight: 400;\">pour la journ\u00e9e.<\/span><\/p>\n<p><span style=\"font-weight: 400;\"><img loading=\"lazy\" decoding=\"async\" src=\"https:\/\/centerpointsecurities.com\/wp-content\/uploads\/2023\/04\/Atlas-Locates-1024x367.png\" width=\"1024\" height=\"367\" alt=\"Rep\u00e9rages ATLAS\" class=\"wp-image-28248 alignnone size-large\"><\/span><\/p>\n<p>[\/et_pb_accordion_item][et_pb_accordion_item title=\u00a0\u00bbComment puis-je utiliser le bouton \u00ab Inquire All (rechercher tout) \u00bb?\u00a0\u00bb _builder_version=\u00a0\u00bb4.20.4&Prime; _module_preset=\u00a0\u00bbdefault\u00a0\u00bb global_colors_info=\u00a0\u00bb{}\u00a0\u00bb open=\u00a0\u00bboff\u00a0\u00bb]<\/p>\n<p><span style=\"font-weight: 400;\">S\u00e9lectionnez le symbole et le nombre d\u2019actions, puis cliquez sur <\/span><b>Inquire All (rechercher tout).<\/b><\/p>\n<p><span style=\"font-weight: 400;\">Plusieurs offres de <\/span><i><span style=\"font-weight: 400;\">rep\u00e9rage <\/span><\/i> <span style=\"font-weight: 400;\">appara\u00eetront dans la fen\u00eatre d\u2019ordre ci-dessous. Pour TOUS les syst\u00e8mes (y compris ATLAS 1 \u00e0 3), cliquez sur la fl\u00e8che du menu d\u00e9roulant en vert et vous verrez une s\u00e9lection de tous les syst\u00e8mes de rep\u00e9rage. <\/span><\/p>\n<p><img loading=\"lazy\" decoding=\"async\" src=\"https:\/\/centerpointsecurities.com\/wp-content\/uploads\/2023\/04\/Inquire-All.png\" width=\"499\" height=\"171\" alt=\"\" class=\"wp-image-28252 aligncenter size-full\"><\/p>\n<p>[\/et_pb_accordion_item][et_pb_accordion_item title=\u00a0\u00bbD\u00e9pannage ATLAS\u00a0\u00bb _builder_version=\u00a0\u00bb4.27.0&Prime; _module_preset=\u00a0\u00bbdefault\u00a0\u00bb hover_enabled=\u00a0\u00bb0&Prime; global_colors_info=\u00a0\u00bb{}\u00a0\u00bb open=\u00a0\u00bboff\u00a0\u00bb sticky_enabled=\u00a0\u00bb0&Prime;]<\/p>\n<p><b>Pourquoi ne vois-je pas les syst\u00e8mes ATLAS?<\/b><\/p>\n<p><span style=\"font-weight: 400;\">Si vous ne voyez pas le groupe de syst\u00e8mes ATLAS, veuillez <a href=\"https:\/\/centerpointsecurities.ca\/fr\/coordonnees\/\">communiquer avec notre \u00e9quipe<\/a> pour obtenir de l\u2019aide.<\/span><\/p>\n<p><b>Y a-t-il des rabais?<\/b><\/p>\n<p><span>En raison de leur prix avantageux, <\/span><i><span>aucun <\/span><\/i> <span>rabais ne s\u2019applique au groupe de syst\u00e8mes ATLAS. Cependant, tout rabais applicable au rep\u00e9rage sera pris en compte dans le prix des syst\u00e8mes CPST. <\/span><\/p>\n<p><span style=\"font-weight: 400;\"><b>Comprendre les codes d\u2019\u00e9tat et les notes<\/b><\/span><\/p>\n<ul style=\"margin-top: 1em;\">\n<li><b>\u00c9tat = Sending (Envoi) \u2013 <\/b><span style=\"font-weight: 400;\">Il n\u2019y a pas de stocks disponibles pour les rep\u00e9rages, et la demande de rep\u00e9rage sera trait\u00e9e lorsque des stocks seront disponibles. Cet \u00e9tat sera indiqu\u00e9 comme \u00e9tant <\/span><i><span style=\"font-weight: 400;\">en cours d\u2019envoi (sending)<\/span><\/i><span style=\"font-weight: 400;\"> sur l\u2019\u00e9cran de rep\u00e9rage.<\/span><\/li>\n<li><b>\u00c9tat = Rejected (rejet\u00e9) \u2013 <\/b><span style=\"font-weight: 400;\">Propre aux syst\u00e8mes ATLAS1 \u00e0 ATLAS3. Cette situation s\u2019explique g\u00e9n\u00e9ralement par le fait que les actions sont devenues indisponibles entre le moment de la demande et la soumission du rep\u00e9rage de ces actions.<\/span><span style=\"font-weight: 400;\"><\/span><\/li>\n<li><b>Notes = Max Pending Request Per Security Exceeded (nombre maximum de demandes en attente par titre d\u00e9pass\u00e9) \u2013 <\/b><span style=\"font-weight: 400;\">Il ne peut y avoir que trois ordres de rep\u00e9rage ouverts \u00e0 la fois par titre. Tous les ordres ATLAS sont ex\u00e9cut\u00e9s en fonction de leur ordre de r\u00e9ception au fur et \u00e0 mesure de l\u2019arriv\u00e9e des stocks, de sorte qu\u2019il n\u2019est pas n\u00e9cessaire de transmettre sans cesse de nouveaux ordres. <\/span><\/li>\n<li><b>Mon ordre a expir\u00e9 \u2013 <\/b>Une fois que vous avez demand\u00e9 un rep\u00e9rage, vous disposez de <i><span>3 minutes<\/span><\/i><span> pour accepter ou rejeter l\u2019ordre. Si vous ne l\u2019acceptez ou ne la rejetez pas, l\u2019offre de rep\u00e9rage sera rejet\u00e9e par le syst\u00e8me.<\/span><\/li>\n<\/ul>\n<p>[\/et_pb_accordion_item][\/et_pb_accordion][\/et_pb_column][\/et_pb_row][\/et_pb_section]<\/p>\n","protected":false},"excerpt":{"rendered":"<p>FAQ sur l\u2019outil de rep\u00e9rage de ventes \u00e0 d\u00e9couvertMieux comprendre l\u2019outil de rep\u00e9rage de ventes \u00e0 d\u00e9couvert et ses fonctionnalit\u00e9s.L\u2019outil de rep\u00e9rage de ventes \u00e0 d\u00e9couvert est un logiciel exclusif connect\u00e9 au \u00ab service de ventes \u00e0 d\u00e9couvert \u00bb d\u2019une soci\u00e9t\u00e9 de compensation ou d\u2019un courtier tiers. Il sert \u00e0 rep\u00e9rer les actions qui doivent [&hellip;]<\/p>\n","protected":false},"author":9,"featured_media":0,"parent":0,"menu_order":0,"comment_status":"closed","ping_status":"closed","template":"","meta":{"_et_pb_use_builder":"on","_et_pb_old_content":"","_et_gb_content_width":"","footnotes":""},"class_list":["post-30724","page","type-page","status-publish","hentry"],"_links":{"self":[{"href":"https:\/\/centerpointsecurities.ca\/fr\/wp-json\/wp\/v2\/pages\/30724","targetHints":{"allow":["GET"]}}],"collection":[{"href":"https:\/\/centerpointsecurities.ca\/fr\/wp-json\/wp\/v2\/pages"}],"about":[{"href":"https:\/\/centerpointsecurities.ca\/fr\/wp-json\/wp\/v2\/types\/page"}],"author":[{"embeddable":true,"href":"https:\/\/centerpointsecurities.ca\/fr\/wp-json\/wp\/v2\/users\/9"}],"replies":[{"embeddable":true,"href":"https:\/\/centerpointsecurities.ca\/fr\/wp-json\/wp\/v2\/comments?post=30724"}],"version-history":[{"count":4,"href":"https:\/\/centerpointsecurities.ca\/fr\/wp-json\/wp\/v2\/pages\/30724\/revisions"}],"predecessor-version":[{"id":31036,"href":"https:\/\/centerpointsecurities.ca\/fr\/wp-json\/wp\/v2\/pages\/30724\/revisions\/31036"}],"wp:attachment":[{"href":"https:\/\/centerpointsecurities.ca\/fr\/wp-json\/wp\/v2\/media?parent=30724"}],"curies":[{"name":"wp","href":"https:\/\/api.w.org\/{rel}","templated":true}]}}