{"id":30730,"date":"2020-07-14T13:33:59","date_gmt":"2020-07-14T20:33:59","guid":{"rendered":"https:\/\/centerpointsecurities.ca\/canadastaging\/systemes\/"},"modified":"2026-03-13T17:34:26","modified_gmt":"2026-03-14T00:34:26","slug":"systemes","status":"publish","type":"page","link":"https:\/\/centerpointsecurities.ca\/fr\/systemes\/","title":{"rendered":"Syst\u00e8mes"},"content":{"rendered":"<p>[et_pb_section fb_built=\u00a0\u00bb1&Prime; _builder_version=\u00a0\u00bb4.18.0&Prime; background_color=\u00a0\u00bb#1e1e1e\u00a0\u00bb da_disable_devices=\u00a0\u00bboff|off|off\u00a0\u00bb global_colors_info=\u00a0\u00bb{}\u00a0\u00bb da_is_popup=\u00a0\u00bboff\u00a0\u00bb da_exit_intent=\u00a0\u00bboff\u00a0\u00bb da_has_close=\u00a0\u00bbon\u00a0\u00bb da_alt_close=\u00a0\u00bboff\u00a0\u00bb da_dark_close=\u00a0\u00bboff\u00a0\u00bb da_not_modal=\u00a0\u00bbon\u00a0\u00bb da_is_singular=\u00a0\u00bboff\u00a0\u00bb da_with_loader=\u00a0\u00bboff\u00a0\u00bb da_has_shadow=\u00a0\u00bbon\u00a0\u00bb][et_pb_row use_custom_gutter=\u00a0\u00bbon\u00a0\u00bb gutter_width=\u00a0\u00bb4&Prime; _builder_version=\u00a0\u00bb4.19.4&Prime; _module_preset=\u00a0\u00bbdefault\u00a0\u00bb width=\u00a0\u00bb95%\u00a0\u00bb custom_padding=\u00a0\u00bb0px||1px||false|false\u00a0\u00bb global_colors_info=\u00a0\u00bb{}\u00a0\u00bb][et_pb_column type=\u00a0\u00bb4_4&Prime; _builder_version=\u00a0\u00bb4.18.0&Prime; _module_preset=\u00a0\u00bbdefault\u00a0\u00bb global_colors_info=\u00a0\u00bb{}\u00a0\u00bb][et_pb_text module_class=\u00a0\u00bbwu-text-ffect-2&Prime; _builder_version=\u00a0\u00bb4.19.4&Prime; _module_preset=\u00a0\u00bbdefault\u00a0\u00bb header_font=\u00a0\u00bbMontserrat|600|||||||\u00a0\u00bb header_text_color=\u00a0\u00bb#b6f1d1&Prime; header_font_size=\u00a0\u00bb64px\u00a0\u00bb header_letter_spacing=\u00a0\u00bb-0.03em\u00a0\u00bb header_line_height=\u00a0\u00bb70px\u00a0\u00bb header_3_font=\u00a0\u00bbInter|600|||||||\u00a0\u00bb header_3_text_color=\u00a0\u00bb#dfed3b\u00a0\u00bb header_3_font_size=\u00a0\u00bb24px\u00a0\u00bb header_3_letter_spacing=\u00a0\u00bb-0.04em\u00a0\u00bb header_3_line_height=\u00a0\u00bb29px\u00a0\u00bb text_orientation=\u00a0\u00bbcenter\u00a0\u00bb custom_margin=\u00a0\u00bb||20px||false|false\u00a0\u00bb header_font_size_tablet=\u00a0\u00bb64px\u00a0\u00bb header_font_size_phone=\u00a0\u00bb45px\u00a0\u00bb header_font_size_last_edited=\u00a0\u00bbon|phone\u00a0\u00bb header_line_height_tablet=\u00a0\u00bb70px\u00a0\u00bb header_line_height_phone=\u00a0\u00bb50px\u00a0\u00bb header_line_height_last_edited=\u00a0\u00bbon|phone\u00a0\u00bb global_colors_info=\u00a0\u00bb{}\u00a0\u00bb]<\/p>\n<h1>Syst\u00e8mes et frais<\/h1>\n<p>[\/et_pb_text][\/et_pb_column][\/et_pb_row][et_pb_row _builder_version=\u00a0\u00bb4.16&Prime; width=\u00a0\u00bb90%\u00a0\u00bb custom_padding=\u00a0\u00bb0px|||||\u00a0\u00bb global_colors_info=\u00a0\u00bb{}\u00a0\u00bb][et_pb_column type=\u00a0\u00bb4_4&Prime; _builder_version=\u00a0\u00bb4.16&Prime; global_colors_info=\u00a0\u00bb{}\u00a0\u00bb][et_pb_text module_class=\u00a0\u00bbroutes\u00a0\u00bb _builder_version=\u00a0\u00bb4.27.4&Prime; text_text_color=\u00a0\u00bb#FFFFFF\u00a0\u00bb header_2_text_color=\u00a0\u00bb#FFFFFF\u00a0\u00bb background_enable_color=\u00a0\u00bboff\u00a0\u00bb text_orientation=\u00a0\u00bbcenter\u00a0\u00bb custom_padding=\u00a0\u00bb30px|30px|30px|30px|false|false\u00a0\u00bb hover_enabled=\u00a0\u00bb0&Prime; border_radii=\u00a0\u00bbon|20px|20px|20px|20px\u00a0\u00bb global_colors_info=\u00a0\u00bb{}\u00a0\u00bb sticky_enabled=\u00a0\u00bb0&Prime;]<\/p>\n\n<table id=\"tablepress-17\" class=\"tablepress tablepress-id-17\">\n<thead>\n<tr class=\"row-1\">\n\t<th class=\"column-1\">Route<\/th><th class=\"column-2\">Additional Information<\/th><th class=\"column-3\">Time of Operation (ET)<\/th>\n<\/tr>\n<\/thead>\n<tbody class=\"row-striping row-hover\">\n<tr class=\"row-2\">\n\t<td class=\"column-1\"><span class=\"color7\">ARCAS<\/span><\/td><td class=\"column-2\">Posts on ARCA, takes liquidity as a Smart Order Router. Instinet<\/td><td class=\"column-3\">4:00AM - 7:00PM<\/td>\n<\/tr>\n<tr class=\"row-3\">\n\t<td class=\"column-1\"><span class=\"color8\">CDRGA<\/span><\/td><td class=\"column-2\">Smart Order Router. Citadel<\/td><td class=\"column-3\">4:00AM - 8:00PM<\/td>\n<\/tr>\n<tr class=\"row-4\">\n\t<td class=\"column-1\"><span class=\"color8\">CSGO<\/span><\/td><td class=\"column-2\">Smart Order Router. Clear Street Fox River<\/td><td class=\"column-3\">4:00AM - 7:00PM<\/td>\n<\/tr>\n<tr class=\"row-5\">\n\t<td class=\"column-1\"><span class=\"color8\">FAN<\/span><\/td><td class=\"column-2\">Smart Order Router. Virtu<\/td><td class=\"column-3\">4:00AM - 7:00PM<\/td>\n<\/tr>\n<tr class=\"row-6\">\n\t<td class=\"column-1\"><span class=\"color8\">LIMIT<\/span><\/td><td class=\"column-2\">Smart Order Router. Clear Street Fox River<\/td><td class=\"column-3\">4:00AM - 8:00PM<\/td>\n<\/tr>\n<tr class=\"row-7\">\n\t<td class=\"column-1\"><span class=\"color8\">MARKET<\/span><\/td><td class=\"column-2\">Smart Order Router. Clear Street Fox River<\/td><td class=\"column-3\">9:30AM - 4:00PM<\/td>\n<\/tr>\n<tr class=\"row-8\">\n\t<td class=\"column-1\"><span class=\"color8\">STOP<\/span><\/td><td class=\"column-2\">Smart Order Router. Clear Street Fox River<\/td><td class=\"column-3\">9:30AM - 4:00PM<\/td>\n<\/tr>\n<tr class=\"row-9\">\n\t<td class=\"column-1\"><span class=\"color8\">NSDQS<\/span><\/td><td class=\"column-2\">Posts on NSDQ, takes liquidity as a Smart Order Router. Instinet<\/td><td class=\"column-3\">4:00AM - 7:00PM<\/td>\n<\/tr>\n<tr class=\"row-10\">\n\t<td class=\"column-1\"><span class=\"color8\">XALL<\/span><\/td><td class=\"column-2\">Smart Order Router. Clearpool<\/td><td class=\"column-3\">4:00AM - 7:00PM<\/td>\n<\/tr>\n<tr class=\"row-11\">\n\t<td class=\"column-1\"><span class=\"color8\">XDAG<\/span><\/td><td class=\"column-2\">Dark Pool Router. Clearpool<\/td><td class=\"column-3\">9:30AM - 4:00PM<\/td>\n<\/tr>\n<\/tbody>\n<\/table>\n<!-- #tablepress-17 from cache -->\n<h2>Itin\u00e9raires \u00e0 prix r\u00e9duit<\/h2>\n\n<table id=\"tablepress-34\" class=\"tablepress tablepress-id-34\">\n<thead>\n<tr class=\"row-1\">\n\t<th class=\"column-1\">Route<\/th><th class=\"column-2\">Symbol Price Condition<\/th><th class=\"column-3\">Auto-Applied Rebate<\/th><th class=\"column-4\">Vendor<\/th>\n<\/tr>\n<\/thead>\n<tbody class=\"row-striping row-hover\">\n<tr class=\"row-2\">\n\t<td class=\"column-1\"><span class=\"color8\">ADDONLY<\/span><\/td><td class=\"column-2\">> $1<\/td><td class=\"column-3\">$0.002\/Share<\/td><td class=\"column-4\">Instinet<\/td>\n<\/tr>\n<tr class=\"row-3\">\n\t<td class=\"column-1\"><span class=\"color8\">SUB1<\/span><\/td><td class=\"column-2\">< $1<\/td><td class=\"column-3\">$0.002\/Share<\/td><td class=\"column-4\">Instinet<\/td>\n<\/tr>\n<\/tbody>\n<\/table>\n<!-- #tablepress-34 from cache -->\n<h2>Options Routes<\/h2>\n\n<table id=\"tablepress-36\" class=\"tablepress tablepress-id-36\">\n<thead>\n<tr class=\"row-1\">\n\t<th class=\"column-1\">Route<\/th><th class=\"column-2\">Additional Information<\/th><th class=\"column-3\">Time of Operation (ET)<\/th>\n<\/tr>\n<\/thead>\n<tbody class=\"row-striping row-hover\">\n<tr class=\"row-2\">\n\t<td class=\"column-1\"><span class=\"color7\"> LIMIT, MARKET, STOP <\/span><\/td><td class=\"column-2\">Smart Order Router. Citadel<\/td><td class=\"column-3\">9:30 AM - 4:00 PM<\/td>\n<\/tr>\n<tr class=\"row-3\">\n\t<td class=\"column-1\"><span class=\"color8\"> SMRT <\/span><\/td><td class=\"column-2\">Smart Order Router. Instinet<\/td><td class=\"column-3\">9:30 AM - 4:00 PM<\/td>\n<\/tr>\n<tr class=\"row-4\">\n\t<td class=\"column-1\"><span class=\"color8\"> COSMA <\/span><\/td><td class=\"column-2\">Smart Order Router. Citadel<\/td><td class=\"column-3\">9:30 AM - 4:00 PM<\/td>\n<\/tr>\n<\/tbody>\n<\/table>\n<!-- #tablepress-36 from cache -->\n<h2>Algo Routes<\/h2>\n\n<table id=\"tablepress-38\" class=\"tablepress tablepress-id-38\">\n<thead>\n<tr class=\"row-1\">\n\t<th class=\"column-1\">Route<\/th><th class=\"column-2\">Informations suppl\u00e9mentaires<\/th><th class=\"column-3\">Heure d'ouverture (ET)<\/th>\n<\/tr>\n<\/thead>\n<tbody class=\"row-striping row-hover\">\n<tr class=\"row-2\">\n\t<td class=\"column-1\">CSTWAP<\/td><td class=\"column-2\">La passerelle Clear Street TWAP traitera l'ordre \u00e0 partir du moment de sa saisie jusqu'\u00e0 16 h 00 HNE.<\/td><td class=\"column-3\">9:30AM - 4:00PM<\/td>\n<\/tr>\n<tr class=\"row-3\">\n\t<td class=\"column-1\">CSVWAP<\/td><td class=\"column-2\">La passerelle Clear Street VWAP traitera l'ordre \u00e0 partir du moment de sa saisie jusqu'\u00e0 16 h 00 HNE.<\/td><td class=\"column-3\">9:30AM - 4:00PM<\/td>\n<\/tr>\n<tr class=\"row-4\">\n\t<td class=\"column-1\">TWAP2<\/td><td class=\"column-2\">La passerelle Clear Street TWAP traitera l'ordre pendant 2 minutes \u00e0 compter de son entr\u00e9e.<\/td><td class=\"column-3\">9:30AM - 4:00PM<\/td>\n<\/tr>\n<tr class=\"row-5\">\n\t<td class=\"column-1\">TWAP5<\/td><td class=\"column-2\">La passerelle Clear Street TWAP traitera l'ordre pendant 5 minutes \u00e0 compter de son entr\u00e9e.<\/td><td class=\"column-3\">9:30AM - 4:00PM<\/td>\n<\/tr>\n<tr class=\"row-6\">\n\t<td class=\"column-1\">TWAP10<\/td><td class=\"column-2\">La passerelle Clear Street TWAP traitera l'ordre pendant 10 minutes \u00e0 compter de son entr\u00e9e.<\/td><td class=\"column-3\">9:30AM - 4:00PM<\/td>\n<\/tr>\n<tr class=\"row-7\">\n\t<td class=\"column-1\">TWAP30<\/td><td class=\"column-2\">La passerelle Clear Street TWAP traitera l'ordre pendant 30 minutes \u00e0 compter de son entr\u00e9e.<\/td><td class=\"column-3\">9:30AM - 4:00PM<\/td>\n<\/tr>\n<\/tbody>\n<\/table>\n<!-- #tablepress-38 from cache -->\n<p>[\/et_pb_text][\/et_pb_column][\/et_pb_row][et_pb_row _builder_version=\u00a0\u00bb4.18.0&Prime; _module_preset=\u00a0\u00bbdefault\u00a0\u00bb width=\u00a0\u00bb95%\u00a0\u00bb max_width=\u00a0\u00bb800px\u00a0\u00bb module_alignment=\u00a0\u00bbcenter\u00a0\u00bb global_colors_info=\u00a0\u00bb{}\u00a0\u00bb][et_pb_column type=\u00a0\u00bb4_4&Prime; _builder_version=\u00a0\u00bb4.18.0&Prime; _module_preset=\u00a0\u00bbdefault\u00a0\u00bb global_colors_info=\u00a0\u00bb{}\u00a0\u00bb][et_pb_text module_class=\u00a0\u00bbroutes\u00a0\u00bb _builder_version=\u00a0\u00bb4.22.1&Prime; text_text_color=\u00a0\u00bb#FFFFFF\u00a0\u00bb text_font_size=\u00a0\u00bb15px\u00a0\u00bb header_2_text_color=\u00a0\u00bb#FFFFFF\u00a0\u00bb header_3_text_color=\u00a0\u00bb#FFFFFF\u00a0\u00bb global_colors_info=\u00a0\u00bb{}\u00a0\u00bb]<\/p>\n<p style=\"font-weight: 400;\">S\u00e9lection de syst\u00e8mes disponibles sur CenterPoint Web<\/p>\n<p>Les tarifs peuvent \u00eatre modifi\u00e9s en tout temps. Veuillez appeler le service de soutien pour obtenir les tarifs les plus r\u00e9cents (1-844-357-8283).<\/p>\n<p>Les horaires des syst\u00e8mes sont exprim\u00e9s selon l\u2019heure de l\u2019Est.<\/p>\n<p>Sur DAS, tous les syst\u00e8mes ci-dessus se terminent par \u00ab L \u00bb ou \u00ab M \u00bb. Utilisez \u00ab L \u00bb pour les ordres \u00e0 cours limit\u00e9 et \u00ab M \u00bb pour les ordres au march\u00e9.<\/p>\n<h3><strong>Frais r\u00e9glementaires :<\/strong><\/h3>\n<p><strong>Frais de l\u2019article 31 <\/strong>: 0,0000229 $ par 1,00 $ de capital vendu<\/p>\n<p><strong>Frais de la NSCC ou de la DTC <\/strong>: 0,00004 $\/action (maximum 0,5 % de la valeur de l\u2019op\u00e9ration)<\/p>\n<p><strong>Frais de n\u00e9gociation <\/strong>: 0,000130 $ par action (maximum 6,49 $); 0,00218 $ par contrat d\u2019option<\/p>\n<p><em>Les \u00ab frais de l\u2019article 31 \u00bb s\u2019appliquent \u00e0 certaines op\u00e9rations de vente et sont impos\u00e9s \u00e0 un taux conforme \u00e0 l\u2019article 31 de la Securities Exchange Act of 1934. CenterPoint remet ces frais \u00e0 certains organismes d\u2019autor\u00e9glementation et aux bourses nationales, qui les versent \u00e0 leur tour \u00e0 la SEC. Ces frais sont destin\u00e9s \u00e0 couvrir les co\u00fbts engag\u00e9s par le gouvernement, y compris la SEC, pour la supervision et la r\u00e9glementation des march\u00e9s des valeurs mobili\u00e8res et des professionnels des valeurs mobili\u00e8res. Le taux fait l\u2019objet d\u2019ajustements annuels et semestriels qui peuvent ne pas \u00eatre imm\u00e9diatement connus de CenterPoint; par cons\u00e9quent, les frais impos\u00e9s peuvent diff\u00e9rer du montant r\u00e9el des frais applicables \u00e0 votre op\u00e9ration ou le d\u00e9passer. Tout exc\u00e9dent peut \u00eatre conserv\u00e9 par CenterPoint. Les frais sont arrondis au cent pr\u00e8s. <\/em><\/p>\n<h3>Communication d\u2019informations :<\/h3>\n<p>Tous les acheminements sont confi\u00e9s \u00e0 d\u2019autres courtiers pour ex\u00e9cution. Les descriptions ci-dessus sont fond\u00e9es sur les informations qui nous ont \u00e9t\u00e9 fournies par ces courtiers. Les syst\u00e8mes d\u2019acheminement intelligents, et la logique programm\u00e9e dans ces syst\u00e8mes qui d\u00e9termine la destination des ordres, sont sous le contr\u00f4le total des courtiers qui re\u00e7oivent les ordres.<\/p>\n<p>[\/et_pb_text][\/et_pb_column][\/et_pb_row][\/et_pb_section]<\/p>\n","protected":false},"excerpt":{"rendered":"<p>Syst\u00e8mes et frais\n<table id=\"tablepress-17-no-2\" class=\"tablepress tablepress-id-17\">\n<thead>\n<tr class=\"row-1\">\n\t<th class=\"column-1\">Route<\/th><th class=\"column-2\">Additional Information<\/th><th class=\"column-3\">Time of Operation (ET)<\/th>\n<\/tr>\n<\/thead>\n<tbody class=\"row-striping row-hover\">\n<tr class=\"row-2\">\n\t<td class=\"column-1\"><span class=\"color7\">ARCAS<\/span><\/td><td class=\"column-2\">Posts on ARCA, takes liquidity as a Smart Order Router. Instinet<\/td><td class=\"column-3\">4:00AM - 7:00PM<\/td>\n<\/tr>\n<tr class=\"row-3\">\n\t<td class=\"column-1\"><span class=\"color8\">CDRGA<\/span><\/td><td class=\"column-2\">Smart Order Router. Citadel<\/td><td class=\"column-3\">4:00AM - 8:00PM<\/td>\n<\/tr>\n<tr class=\"row-4\">\n\t<td class=\"column-1\"><span class=\"color8\">CSGO<\/span><\/td><td class=\"column-2\">Smart Order Router. Clear Street Fox River<\/td><td class=\"column-3\">4:00AM - 7:00PM<\/td>\n<\/tr>\n<tr class=\"row-5\">\n\t<td class=\"column-1\"><span class=\"color8\">FAN<\/span><\/td><td class=\"column-2\">Smart Order Router. Virtu<\/td><td class=\"column-3\">4:00AM - 7:00PM<\/td>\n<\/tr>\n<tr class=\"row-6\">\n\t<td class=\"column-1\"><span class=\"color8\">LIMIT<\/span><\/td><td class=\"column-2\">Smart Order Router. Clear Street Fox River<\/td><td class=\"column-3\">4:00AM - 8:00PM<\/td>\n<\/tr>\n<tr class=\"row-7\">\n\t<td class=\"column-1\"><span class=\"color8\">MARKET<\/span><\/td><td class=\"column-2\">Smart Order Router. Clear Street Fox River<\/td><td class=\"column-3\">9:30AM - 4:00PM<\/td>\n<\/tr>\n<tr class=\"row-8\">\n\t<td class=\"column-1\"><span class=\"color8\">STOP<\/span><\/td><td class=\"column-2\">Smart Order Router. Clear Street Fox River<\/td><td class=\"column-3\">9:30AM - 4:00PM<\/td>\n<\/tr>\n<tr class=\"row-9\">\n\t<td class=\"column-1\"><span class=\"color8\">NSDQS<\/span><\/td><td class=\"column-2\">Posts on NSDQ, takes liquidity as a Smart Order Router. Instinet<\/td><td class=\"column-3\">4:00AM - 7:00PM<\/td>\n<\/tr>\n<tr class=\"row-10\">\n\t<td class=\"column-1\"><span class=\"color8\">XALL<\/span><\/td><td class=\"column-2\">Smart Order Router. Clearpool<\/td><td class=\"column-3\">4:00AM - 7:00PM<\/td>\n<\/tr>\n<tr class=\"row-11\">\n\t<td class=\"column-1\"><span class=\"color8\">XDAG<\/span><\/td><td class=\"column-2\">Dark Pool Router. Clearpool<\/td><td class=\"column-3\">9:30AM - 4:00PM<\/td>\n<\/tr>\n<\/tbody>\n<\/table>\n Itin\u00e9raires \u00e0 prix r\u00e9duit \n<table id=\"tablepress-34-no-2\" class=\"tablepress tablepress-id-34\">\n<thead>\n<tr class=\"row-1\">\n\t<th class=\"column-1\">Route<\/th><th class=\"column-2\">Symbol Price Condition<\/th><th class=\"column-3\">Auto-Applied Rebate<\/th><th class=\"column-4\">Vendor<\/th>\n<\/tr>\n<\/thead>\n<tbody class=\"row-striping row-hover\">\n<tr class=\"row-2\">\n\t<td class=\"column-1\"><span class=\"color8\">ADDONLY<\/span><\/td><td class=\"column-2\">> $1<\/td><td class=\"column-3\">$0.002\/Share<\/td><td class=\"column-4\">Instinet<\/td>\n<\/tr>\n<tr class=\"row-3\">\n\t<td class=\"column-1\"><span class=\"color8\">SUB1<\/span><\/td><td class=\"column-2\">< $1<\/td><td class=\"column-3\">$0.002\/Share<\/td><td class=\"column-4\">Instinet<\/td>\n<\/tr>\n<\/tbody>\n<\/table>\n Options Routes \n<table id=\"tablepress-36-no-2\" class=\"tablepress tablepress-id-36\">\n<thead>\n<tr class=\"row-1\">\n\t<th class=\"column-1\">Route<\/th><th class=\"column-2\">Additional Information<\/th><th class=\"column-3\">Time of Operation (ET)<\/th>\n<\/tr>\n<\/thead>\n<tbody class=\"row-striping row-hover\">\n<tr class=\"row-2\">\n\t<td class=\"column-1\"><span class=\"color7\"> LIMIT, MARKET, STOP <\/span><\/td><td class=\"column-2\">Smart Order Router. Citadel<\/td><td class=\"column-3\">9:30 AM - 4:00 PM<\/td>\n<\/tr>\n<tr class=\"row-3\">\n\t<td class=\"column-1\"><span class=\"color8\"> SMRT <\/span><\/td><td class=\"column-2\">Smart Order Router. Instinet<\/td><td class=\"column-3\">9:30 AM - 4:00 PM<\/td>\n<\/tr>\n<tr class=\"row-4\">\n\t<td class=\"column-1\"><span class=\"color8\"> COSMA <\/span><\/td><td class=\"column-2\">Smart Order Router. Citadel<\/td><td class=\"column-3\">9:30 AM - 4:00 PM<\/td>\n<\/tr>\n<\/tbody>\n<\/table>\n Algo Routes \n<table id=\"tablepress-38-no-2\" class=\"tablepress tablepress-id-38\">\n<thead>\n<tr class=\"row-1\">\n\t<th class=\"column-1\">Route<\/th><th class=\"column-2\">Informations suppl\u00e9mentaires<\/th><th class=\"column-3\">Heure d'ouverture (ET)<\/th>\n<\/tr>\n<\/thead>\n<tbody class=\"row-striping row-hover\">\n<tr class=\"row-2\">\n\t<td class=\"column-1\">CSTWAP<\/td><td class=\"column-2\">La passerelle Clear Street TWAP traitera l'ordre \u00e0 partir du moment de sa saisie jusqu'\u00e0 16 h 00 HNE.<\/td><td class=\"column-3\">9:30AM - 4:00PM<\/td>\n<\/tr>\n<tr class=\"row-3\">\n\t<td class=\"column-1\">CSVWAP<\/td><td class=\"column-2\">La passerelle Clear Street VWAP traitera l'ordre \u00e0 partir du moment de sa saisie jusqu'\u00e0 16 h 00 HNE.<\/td><td class=\"column-3\">9:30AM - 4:00PM<\/td>\n<\/tr>\n<tr class=\"row-4\">\n\t<td class=\"column-1\">TWAP2<\/td><td class=\"column-2\">La passerelle Clear Street TWAP traitera l'ordre pendant 2 minutes \u00e0 compter de son entr\u00e9e.<\/td><td class=\"column-3\">9:30AM - 4:00PM<\/td>\n<\/tr>\n<tr class=\"row-5\">\n\t<td class=\"column-1\">TWAP5<\/td><td class=\"column-2\">La passerelle Clear Street TWAP traitera l'ordre pendant 5 minutes \u00e0 compter de son entr\u00e9e.<\/td><td class=\"column-3\">9:30AM - 4:00PM<\/td>\n<\/tr>\n<tr class=\"row-6\">\n\t<td class=\"column-1\">TWAP10<\/td><td class=\"column-2\">La passerelle Clear Street TWAP traitera l'ordre pendant 10 minutes \u00e0 compter de son entr\u00e9e.<\/td><td class=\"column-3\">9:30AM - 4:00PM<\/td>\n<\/tr>\n<tr class=\"row-7\">\n\t<td class=\"column-1\">TWAP30<\/td><td class=\"column-2\">La passerelle Clear Street TWAP traitera l'ordre pendant 30 minutes \u00e0 compter de son entr\u00e9e.<\/td><td class=\"column-3\">9:30AM - 4:00PM<\/td>\n<\/tr>\n<\/tbody>\n<\/table>\nS\u00e9lection de syst\u00e8mes disponibles sur CenterPoint Web Les tarifs peuvent \u00eatre modifi\u00e9s en tout temps. Veuillez appeler le service de soutien pour obtenir les tarifs les plus r\u00e9cents (1-844-357-8283). Les [&hellip;]<\/p>\n","protected":false},"author":9,"featured_media":0,"parent":0,"menu_order":0,"comment_status":"closed","ping_status":"closed","template":"","meta":{"_et_pb_use_builder":"on","_et_pb_old_content":"","_et_gb_content_width":"","footnotes":""},"class_list":["post-30730","page","type-page","status-publish","hentry"],"_links":{"self":[{"href":"https:\/\/centerpointsecurities.ca\/fr\/wp-json\/wp\/v2\/pages\/30730","targetHints":{"allow":["GET"]}}],"collection":[{"href":"https:\/\/centerpointsecurities.ca\/fr\/wp-json\/wp\/v2\/pages"}],"about":[{"href":"https:\/\/centerpointsecurities.ca\/fr\/wp-json\/wp\/v2\/types\/page"}],"author":[{"embeddable":true,"href":"https:\/\/centerpointsecurities.ca\/fr\/wp-json\/wp\/v2\/users\/9"}],"replies":[{"embeddable":true,"href":"https:\/\/centerpointsecurities.ca\/fr\/wp-json\/wp\/v2\/comments?post=30730"}],"version-history":[{"count":6,"href":"https:\/\/centerpointsecurities.ca\/fr\/wp-json\/wp\/v2\/pages\/30730\/revisions"}],"predecessor-version":[{"id":31371,"href":"https:\/\/centerpointsecurities.ca\/fr\/wp-json\/wp\/v2\/pages\/30730\/revisions\/31371"}],"wp:attachment":[{"href":"https:\/\/centerpointsecurities.ca\/fr\/wp-json\/wp\/v2\/media?parent=30730"}],"curies":[{"name":"wp","href":"https:\/\/api.w.org\/{rel}","templated":true}]}}