{"id":30751,"date":"2020-06-30T13:43:28","date_gmt":"2020-06-30T20:43:28","guid":{"rendered":"https:\/\/centerpointsecurities.ca\/canadastaging\/prochaines-etapes-de-la-demande\/"},"modified":"2024-08-08T16:12:39","modified_gmt":"2024-08-08T23:12:39","slug":"prochaines-etapes-de-la-demande","status":"publish","type":"page","link":"https:\/\/centerpointsecurities.ca\/fr\/prochaines-etapes-de-la-demande\/","title":{"rendered":"Prochaines \u00e9tapes de la demande"},"content":{"rendered":"<p>[et_pb_section fb_built=\u00a0\u00bb1&Prime; _builder_version=\u00a0\u00bb4.18.0&Prime; background_color=\u00a0\u00bb#1e1e1e\u00a0\u00bb da_disable_devices=\u00a0\u00bboff|off|off\u00a0\u00bb global_colors_info=\u00a0\u00bb{}\u00a0\u00bb da_is_popup=\u00a0\u00bboff\u00a0\u00bb da_exit_intent=\u00a0\u00bboff\u00a0\u00bb da_has_close=\u00a0\u00bbon\u00a0\u00bb da_alt_close=\u00a0\u00bboff\u00a0\u00bb da_dark_close=\u00a0\u00bboff\u00a0\u00bb da_not_modal=\u00a0\u00bbon\u00a0\u00bb da_is_singular=\u00a0\u00bboff\u00a0\u00bb da_with_loader=\u00a0\u00bboff\u00a0\u00bb da_has_shadow=\u00a0\u00bbon\u00a0\u00bb][et_pb_row _builder_version=\u00a0\u00bb4.16&Prime; custom_padding=\u00a0\u00bb||61px|||\u00a0\u00bb global_colors_info=\u00a0\u00bb{}\u00a0\u00bb][et_pb_column type=\u00a0\u00bb4_4&Prime; _builder_version=\u00a0\u00bb4.16&Prime; global_colors_info=\u00a0\u00bb{}\u00a0\u00bb][et_pb_text _builder_version=\u00a0\u00bb4.18.0&Prime; text_text_color=\u00a0\u00bb#ffffff\u00a0\u00bb text_font_size=\u00a0\u00bb20px\u00a0\u00bb header_font=\u00a0\u00bbMontserrat|700|||||||\u00a0\u00bb header_text_color=\u00a0\u00bb#ffffff\u00a0\u00bb header_font_size=\u00a0\u00bb48px\u00a0\u00bb header_letter_spacing=\u00a0\u00bb-0.04px\u00a0\u00bb text_orientation=\u00a0\u00bbcenter\u00a0\u00bb global_colors_info=\u00a0\u00bb{}\u00a0\u00bb]<\/p>\n<h1 class=\"greengradient\">Vous y \u00eates presque!<\/h1>\n<p> Nous avons re\u00e7u votre demande d\u2019ouverture de compte. Voici les prochaines \u00e9tapes :[\/et_pb_text][\/et_pb_column][\/et_pb_row][et_pb_row _builder_version=\u00a0\u00bb4.18.0&Prime; background_color=\u00a0\u00bb#333333&Prime; width=\u00a0\u00bb90%\u00a0\u00bb max_width=\u00a0\u00bb800px\u00a0\u00bb custom_margin=\u00a0\u00bb|auto|39px|auto||\u00a0\u00bb custom_padding=\u00a0\u00bb30px|30px|30px|30px|false|false\u00a0\u00bb border_radii=\u00a0\u00bbon|8px|8px|8px|8px\u00a0\u00bb global_colors_info=\u00a0\u00bb{}\u00a0\u00bb][et_pb_column type=\u00a0\u00bb4_4&Prime; _builder_version=\u00a0\u00bb4.16&Prime; global_colors_info=\u00a0\u00bb{}\u00a0\u00bb][et_pb_text _builder_version=\u00a0\u00bb4.18.0&Prime; text_font_size=\u00a0\u00bb18px\u00a0\u00bb header_2_text_align=\u00a0\u00bbcenter\u00a0\u00bb header_2_text_color=\u00a0\u00bb#ffffff\u00a0\u00bb background_enable_color=\u00a0\u00bboff\u00a0\u00bb border_radii=\u00a0\u00bboff|8px|8px||\u00a0\u00bb global_colors_info=\u00a0\u00bb{}\u00a0\u00bb]<\/p>\n<h2><strong>\u00c9TAPE 1 :<\/strong> Processus d\u2019examen<\/h2>\n<p>[\/et_pb_text][et_pb_text _builder_version=\u00a0\u00bb4.20.4&Prime; text_text_color=\u00a0\u00bb#FFFFFF\u00a0\u00bb text_font_size=\u00a0\u00bb18px\u00a0\u00bb custom_margin=\u00a0\u00bb||10px|||\u00a0\u00bb custom_padding=\u00a0\u00bb||0px|||\u00a0\u00bb global_colors_info=\u00a0\u00bb{}\u00a0\u00bb]<\/p>\n<p>Nous avons re\u00e7u votre demande d\u2019ouverture de compte et nous sommes en train d\u2019examiner vos renseignements. <strong>Ce processus prend environ de un \u00e0 trois jours ouvrables.<\/strong><\/p>\n<p>Pendant que vous attendez, nous vous recommandons de faire ce qui suit :<\/p>\n<p>[\/et_pb_text][et_pb_blurb title=\u00a0\u00bbEssayer la plateforme\u00a0\u00bb url=\u00a0\u00bbhttps:\/\/centerpointsecurities.com\/request-a-demo\/\u00a0\u00bb use_icon=\u00a0\u00bbon\u00a0\u00bb font_icon=\u00a0\u00bb&#x39;||divi||400&Prime; icon_color=\u00a0\u00bb#FFFFFF\u00a0\u00bb icon_placement=\u00a0\u00bbleft\u00a0\u00bb content_max_width=\u00a0\u00bb785px\u00a0\u00bb _builder_version=\u00a0\u00bb4.21.0&Prime; header_text_color=\u00a0\u00bb#FFFFFF\u00a0\u00bb header_font_size=\u00a0\u00bb20px\u00a0\u00bb header_line_height=\u00a0\u00bb1.7em\u00a0\u00bb body_text_color=\u00a0\u00bb#FFFFFF\u00a0\u00bb body_font_size=\u00a0\u00bb18px\u00a0\u00bb body_line_height=\u00a0\u00bb1em\u00a0\u00bb body_link_text_color=\u00a0\u00bb#31d47b\u00a0\u00bb custom_margin=\u00a0\u00bb||6px|||\u00a0\u00bb link_option_url=\u00a0\u00bbhttps:\/\/centerpointsecurities.com\/request-a-demo\/\u00a0\u00bb custom_css_blurb_title=\u00a0\u00bbmargin-bottom:-7px;\u00a0\u00bb global_colors_info=\u00a0\u00bb{}\u00a0\u00bb]<\/p>\n<p>Commencez \u00e0 vous familiariser avec notre plateforme de n\u00e9gociation gr\u00e2ce \u00e0 un <a href=\"https:\/\/centerpointsecurities.ca\/fr\/demander-un-essai\/\">essai gratuit de 14 jours.<\/a><\/p>\n<p>[\/et_pb_blurb][et_pb_blurb title=\u00a0\u00bb\u00c9largir vos connaissances en mati\u00e8re de n\u00e9gociation\u00a0\u00bb url=\u00a0\u00bbhttps:\/\/centerpointsecurities.com\/trading-insights\/\u00a0\u00bb use_icon=\u00a0\u00bbon\u00a0\u00bb font_icon=\u00a0\u00bb&#x39;||divi||400&Prime; icon_color=\u00a0\u00bb#FFFFFF\u00a0\u00bb icon_placement=\u00a0\u00bbleft\u00a0\u00bb content_max_width=\u00a0\u00bb785px\u00a0\u00bb disabled_on=\u00a0\u00bbon|on|on\u00a0\u00bb _builder_version=\u00a0\u00bb4.21.0&Prime; header_text_color=\u00a0\u00bb#FFFFFF\u00a0\u00bb header_font_size=\u00a0\u00bb20px\u00a0\u00bb header_line_height=\u00a0\u00bb1.7em\u00a0\u00bb body_text_color=\u00a0\u00bb#FFFFFF\u00a0\u00bb body_font_size=\u00a0\u00bb18px\u00a0\u00bb body_line_height=\u00a0\u00bb1em\u00a0\u00bb body_link_text_color=\u00a0\u00bb#31d47b\u00a0\u00bb custom_margin=\u00a0\u00bb||6px|||\u00a0\u00bb link_option_url=\u00a0\u00bbhttps:\/\/centerpointsecurities.com\/trading-insights\/\u00a0\u00bb custom_css_blurb_title=\u00a0\u00bbmargin-bottom:-7px;\u00a0\u00bb disabled=\u00a0\u00bbon\u00a0\u00bb global_colors_info=\u00a0\u00bb{}\u00a0\u00bb]<\/p>\n<p>Consultez <a href=\"https:\/\/centerpointsecurities.com\/trading-insights\/\">ces ressources gratuites<\/a> afin de mieux comprendre les principes cl\u00e9s de la n\u00e9gociation et d\u2019entrer sur le march\u00e9 en toute confiance.<\/p>\n<p>[\/et_pb_blurb][\/et_pb_column][\/et_pb_row][et_pb_row _builder_version=\u00a0\u00bb4.16&Prime; background_color=\u00a0\u00bb#333333&Prime; width=\u00a0\u00bb90%\u00a0\u00bb max_width=\u00a0\u00bb800px\u00a0\u00bb custom_margin=\u00a0\u00bb|auto|39px|auto||\u00a0\u00bb custom_padding=\u00a0\u00bb30px|30px|30px|30px|false|false\u00a0\u00bb border_radii=\u00a0\u00bbon|8px|8px|8px|8px\u00a0\u00bb global_colors_info=\u00a0\u00bb{}\u00a0\u00bb][et_pb_column type=\u00a0\u00bb4_4&Prime; _builder_version=\u00a0\u00bb4.16&Prime; global_colors_info=\u00a0\u00bb{}\u00a0\u00bb][et_pb_text _builder_version=\u00a0\u00bb4.18.0&Prime; text_font_size=\u00a0\u00bb18px\u00a0\u00bb header_2_text_align=\u00a0\u00bbcenter\u00a0\u00bb header_2_text_color=\u00a0\u00bb#ffffff\u00a0\u00bb background_enable_color=\u00a0\u00bboff\u00a0\u00bb border_radii=\u00a0\u00bboff|8px|8px||\u00a0\u00bb global_colors_info=\u00a0\u00bb{}\u00a0\u00bb]<\/p>\n<h2><strong>\u00c9TAPE 2 :<\/strong> Approvisionnement du compte<\/h2>\n<p>[\/et_pb_text][et_pb_text _builder_version=\u00a0\u00bb4.27.0&Prime; text_text_color=\u00a0\u00bb#FFFFFF\u00a0\u00bb text_font_size=\u00a0\u00bb18px\u00a0\u00bb link_text_color=\u00a0\u00bb#31d47b\u00a0\u00bb custom_margin=\u00a0\u00bb||10px|||\u00a0\u00bb custom_padding=\u00a0\u00bb||0px|||\u00a0\u00bb hover_enabled=\u00a0\u00bb0&Prime; global_colors_info=\u00a0\u00bb{}\u00a0\u00bb sticky_enabled=\u00a0\u00bb0&Prime;]<\/p>\n<p>Une fois que nous aurons examin\u00e9 et approuv\u00e9 votre compte, <strong>vous recevrez un courriel de bienvenue<\/strong> de notre \u00e9quipe <em>(veuillez v\u00e9rifier votre dossier d\u2019offres promotionnelles ou de pourriels).<\/em><\/p>\n<p>Ce courriel comprendra ce qui suit :<\/p>\n<ol style=\"margin-left: 20px;\">\n<li>Les renseignements de connexion \u00e0 votre compte<\/li>\n<li>Les directives d\u2019approvisionnement du compte<\/li>\n<\/ol>\n<p>Vous pourrez approvisionner votre compte au moyen d\u2019un <strong>TEF ou d\u2019un virement t\u00e9l\u00e9graphique.<\/strong><\/p>\n<p>Il faut g\u00e9n\u00e9ralement de <strong>un \u00e0 trois jours<\/strong> pour que les fonds soient d\u00e9pos\u00e9s dans votre compte. Vous pouvez <a href=\"https:\/\/centerpointsecurities.ca\/documents\/French\/CSC-How-to-Fund-your-Account-0323-fr.pdf\" target=\"_blank\" rel=\"noopener\">consulter la proc\u00e9dure d\u2019approvisionnement ici.<\/a><\/p>\n<ul>\n<li><a href=\"https:\/\/centerpointsecurities.ca\/documents\/French\/CSC-EFT-Setup-Form-0723-fr.pdf\" target=\"_blank\" rel=\"noopener\">Document d\u2019\u00e9tablissement des TEF<\/a><\/li>\n<li><a href=\"https:\/\/centerpointsecurities.ca\/documents\/French\/CSC-Letter-of-Direction-in-0623-fr.pdf\" target=\"_blank\" rel=\"noopener\">Lettre d\u2019instructions \u2013 TEF<\/a><\/li>\n<\/ul>\n<p>&nbsp;<\/p>\n<p>[\/et_pb_text][\/et_pb_column][\/et_pb_row][et_pb_row _builder_version=\u00a0\u00bb4.16&Prime; background_color=\u00a0\u00bb#333333&Prime; width=\u00a0\u00bb90%\u00a0\u00bb max_width=\u00a0\u00bb800px\u00a0\u00bb custom_margin=\u00a0\u00bb|auto|39px|auto||\u00a0\u00bb custom_padding=\u00a0\u00bb30px|30px|30px|30px|false|false\u00a0\u00bb border_radii=\u00a0\u00bbon|8px|8px|8px|8px\u00a0\u00bb global_colors_info=\u00a0\u00bb{}\u00a0\u00bb][et_pb_column type=\u00a0\u00bb4_4&Prime; _builder_version=\u00a0\u00bb4.16&Prime; global_colors_info=\u00a0\u00bb{}\u00a0\u00bb][et_pb_text _builder_version=\u00a0\u00bb4.18.0&Prime; text_font_size=\u00a0\u00bb18px\u00a0\u00bb header_2_text_align=\u00a0\u00bbcenter\u00a0\u00bb header_2_text_color=\u00a0\u00bb#ffffff\u00a0\u00bb background_enable_color=\u00a0\u00bboff\u00a0\u00bb border_radii=\u00a0\u00bboff|8px|8px||\u00a0\u00bb global_colors_info=\u00a0\u00bb{}\u00a0\u00bb]<\/p>\n<h2><strong>\u00c9TAPE 3 :<\/strong> Acc\u00e8s \u00e0 la plateforme<\/h2>\n<p>[\/et_pb_text][et_pb_text _builder_version=\u00a0\u00bb4.27.0&Prime; text_text_color=\u00a0\u00bb#FFFFFF\u00a0\u00bb text_font_size=\u00a0\u00bb18px\u00a0\u00bb link_text_color=\u00a0\u00bb#31d47b\u00a0\u00bb custom_margin=\u00a0\u00bb||10px|||\u00a0\u00bb custom_padding=\u00a0\u00bb||0px|||\u00a0\u00bb global_colors_info=\u00a0\u00bb{}\u00a0\u00bb]<\/p>\n<p>Une fois votre compte approvisionn\u00e9, vous recevrez vos <strong>codes d\u2019acc\u00e8s et un lien de t\u00e9l\u00e9chargement<\/strong> pour votre plateforme de n\u00e9gociation.<\/p>\n<p>Vous pouvez maintenant t\u00e9l\u00e9charger la plateforme et commencer \u00e0 n\u00e9gocier! Si vous avez besoin d\u2019aide pour configurer la plateforme, n\u2019h\u00e9sitez pas \u00e0 <a href=\"https:\/\/centerpointsecurities.ca\/fr\/tutoriels-de-la-plateforme\/\">consulter nos tutoriels d\u00e9taill\u00e9s.<\/a><\/p>\n<p>[\/et_pb_text][\/et_pb_column][\/et_pb_row][\/et_pb_section]<\/p>\n","protected":false},"excerpt":{"rendered":"<p>Vous y \u00eates presque! Nous avons re\u00e7u votre demande d\u2019ouverture de compte. Voici les prochaines \u00e9tapes :\u00c9TAPE 1 : Processus d\u2019examenNous avons re\u00e7u votre demande d\u2019ouverture de compte et nous sommes en train d\u2019examiner vos renseignements. Ce processus prend environ de un \u00e0 trois jours ouvrables. Pendant que vous attendez, nous vous recommandons de faire [&hellip;]<\/p>\n","protected":false},"author":9,"featured_media":0,"parent":0,"menu_order":0,"comment_status":"closed","ping_status":"closed","template":"","meta":{"_et_pb_use_builder":"on","_et_pb_old_content":"","_et_gb_content_width":"","footnotes":""},"class_list":["post-30751","page","type-page","status-publish","hentry"],"_links":{"self":[{"href":"https:\/\/centerpointsecurities.ca\/fr\/wp-json\/wp\/v2\/pages\/30751","targetHints":{"allow":["GET"]}}],"collection":[{"href":"https:\/\/centerpointsecurities.ca\/fr\/wp-json\/wp\/v2\/pages"}],"about":[{"href":"https:\/\/centerpointsecurities.ca\/fr\/wp-json\/wp\/v2\/types\/page"}],"author":[{"embeddable":true,"href":"https:\/\/centerpointsecurities.ca\/fr\/wp-json\/wp\/v2\/users\/9"}],"replies":[{"embeddable":true,"href":"https:\/\/centerpointsecurities.ca\/fr\/wp-json\/wp\/v2\/comments?post=30751"}],"version-history":[{"count":6,"href":"https:\/\/centerpointsecurities.ca\/fr\/wp-json\/wp\/v2\/pages\/30751\/revisions"}],"predecessor-version":[{"id":30798,"href":"https:\/\/centerpointsecurities.ca\/fr\/wp-json\/wp\/v2\/pages\/30751\/revisions\/30798"}],"wp:attachment":[{"href":"https:\/\/centerpointsecurities.ca\/fr\/wp-json\/wp\/v2\/media?parent=30751"}],"curies":[{"name":"wp","href":"https:\/\/api.w.org\/{rel}","templated":true}]}}