{"id":31062,"date":"2024-10-15T16:00:54","date_gmt":"2024-10-15T23:00:54","guid":{"rendered":"https:\/\/centerpointsecurities.ca\/vtf\/"},"modified":"2024-10-22T11:18:25","modified_gmt":"2024-10-22T18:18:25","slug":"vtf","status":"publish","type":"page","link":"https:\/\/centerpointsecurities.ca\/fr\/vtf\/","title":{"rendered":"VTF"},"content":{"rendered":"<p>[et_pb_section fb_built=\u00a0\u00bb1&Prime; custom_padding_last_edited=\u00a0\u00bbon|phone\u00a0\u00bb _builder_version=\u00a0\u00bb4.25.1&Prime; background_color=\u00a0\u00bb#1e1e1e\u00a0\u00bb background_enable_image=\u00a0\u00bboff\u00a0\u00bb custom_padding=\u00a0\u00bb40px||72px||false|false\u00a0\u00bb custom_padding_tablet=\u00a0\u00bb\u00a0\u00bb custom_padding_phone=\u00a0\u00bb20px||20px||false|false\u00a0\u00bb background_last_edited=\u00a0\u00bboff|desktop\u00a0\u00bb background_enable_image_phone=\u00a0\u00bboff\u00a0\u00bb da_disable_devices=\u00a0\u00bboff|off|off\u00a0\u00bb global_colors_info=\u00a0\u00bb{}\u00a0\u00bb da_is_popup=\u00a0\u00bboff\u00a0\u00bb da_exit_intent=\u00a0\u00bboff\u00a0\u00bb da_has_close=\u00a0\u00bbon\u00a0\u00bb da_alt_close=\u00a0\u00bboff\u00a0\u00bb da_dark_close=\u00a0\u00bboff\u00a0\u00bb da_not_modal=\u00a0\u00bbon\u00a0\u00bb da_is_singular=\u00a0\u00bboff\u00a0\u00bb da_with_loader=\u00a0\u00bboff\u00a0\u00bb da_has_shadow=\u00a0\u00bbon\u00a0\u00bb][et_pb_row use_custom_gutter=\u00a0\u00bbon\u00a0\u00bb gutter_width=\u00a0\u00bb2&Prime; _builder_version=\u00a0\u00bb4.22.2&Prime; width=\u00a0\u00bb95%\u00a0\u00bb max_width=\u00a0\u00bb700px\u00a0\u00bb global_colors_info=\u00a0\u00bb{}\u00a0\u00bb][et_pb_column type=\u00a0\u00bb4_4&Prime; _builder_version=\u00a0\u00bb4.16&Prime; global_colors_info=\u00a0\u00bb{}\u00a0\u00bb][et_pb_text _builder_version=\u00a0\u00bb4.27.0&Prime; text_text_color=\u00a0\u00bb#ffffff\u00a0\u00bb text_font_size=\u00a0\u00bb20px\u00a0\u00bb header_font=\u00a0\u00bbMontserrat|700|||||||\u00a0\u00bb header_text_color=\u00a0\u00bb#ffffff\u00a0\u00bb header_font_size=\u00a0\u00bb64px\u00a0\u00bb header_letter_spacing=\u00a0\u00bb-0.04px\u00a0\u00bb text_orientation=\u00a0\u00bbcenter\u00a0\u00bb custom_padding=\u00a0\u00bb||23px|||\u00a0\u00bb header_font_size_tablet=\u00a0\u00bb\u00a0\u00bb header_font_size_phone=\u00a0\u00bb39px\u00a0\u00bb header_font_size_last_edited=\u00a0\u00bbon|phone\u00a0\u00bb global_colors_info=\u00a0\u00bb{}\u00a0\u00bb]<\/p>\n<h1 style=\"margin-bottom: 15px;\"><span class=\"greengradient\">Acc\u00e8s gratuit<\/span><br \/>\u00e0 la salle des march\u00e9s virtuelle de T3 Live<\/h1>\n<p><strong>Pour une dur\u00e9e limit\u00e9e, les clients qualifi\u00e9s de CenterPoint peuvent acc\u00e9der gratuitement aux salles de march\u00e9 virtuelles T3 Live Alpha Team et Pro Desk.<\/strong><\/p>\n<p>Les clients Edge Pro b\u00e9n\u00e9ficient d&rsquo;un acc\u00e8s permanent et les clients Edge Active d&rsquo;un acc\u00e8s gratuit pendant trois mois.<\/p>\n<p>Demandez l&rsquo;acc\u00e8s en remplissant le formulaire ci-dessous.<\/p>\n<p>[\/et_pb_text][et_pb_code module_class=\u00a0\u00bbvtfform\u00a0\u00bb _builder_version=\u00a0\u00bb4.27.0&Prime; _module_preset=\u00a0\u00bbdefault\u00a0\u00bb global_colors_info=\u00a0\u00bb{}\u00a0\u00bb]<\/p>\n<form accept-charset=\"UTF-8\" action=\"https:\/\/vp301.infusionsoft.com\/app\/form\/process\/e6a3629b637a451507e1191a5fed6e1e\" class=\"infusion-form\" id=\"inf_form_e6a3629b637a451507e1191a5fed6e1e\" method=\"POST\"><!-- [et_pb_line_break_holder] -->    <input name=\"inf_form_xid\" type=\"hidden\" value=\"e6a3629b637a451507e1191a5fed6e1e\"><!-- [et_pb_line_break_holder] -->    <input name=\"inf_form_name\" type=\"hidden\" value=\"Inscription au VTF de Clear Street\"><!-- [et_pb_line_break_holder] -->    <input name=\"infusionsoft_version\" type=\"hidden\" value=\"1.70.0.712351\"><!-- [et_pb_line_break_holder] -->    <\/p>\n<div class=\"infusion-field\"><!-- [et_pb_line_break_holder] -->        <label for=\"inf_field_FirstName\">Pr\u00e9nom *<\/label><!-- [et_pb_line_break_holder] -->        <input id=\"inf_field_FirstName\" name=\"inf_field_FirstName\" placeholder=\"Pr\u00e9nom *\" type=\"text\"><!-- [et_pb_line_break_holder] -->    <\/div>\n<p><!-- [et_pb_line_break_holder] -->    <\/p>\n<div class=\"infusion-field\"><!-- [et_pb_line_break_holder] -->        <label for=\"inf_field_LastName\">Nom de famille *<\/label><!-- [et_pb_line_break_holder] -->        <input id=\"inf_field_LastName\" name=\"inf_field_LastName\" placeholder=\"Nom de famille *\" type=\"text\"><!-- [et_pb_line_break_holder] -->    <\/div>\n<p><!-- [et_pb_line_break_holder] -->    <\/p>\n<div class=\"infusion-field\"><!-- [et_pb_line_break_holder] -->        <label for=\"inf_field_Email\">Email *<\/label><!-- [et_pb_line_break_holder] -->        <input id=\"inf_field_Email\" name=\"inf_field_Email\" placeholder=\"Email *\" type=\"text\"><!-- [et_pb_line_break_holder] -->    <\/div>\n<p><!-- [et_pb_line_break_holder] -->    <\/p>\n<div class=\"infusion-field\"><!-- [et_pb_line_break_holder] -->        <label for=\"inf_field_Phone1\">T\u00e9l\u00e9phone *<\/label><!-- [et_pb_line_break_holder] -->        <input id=\"inf_field_Phone1\" name=\"inf_field_Phone1\" placeholder=\"T\u00e9l\u00e9phone *\" type=\"text\"><!-- [et_pb_line_break_holder] -->    <\/div>\n<p><!-- [et_pb_line_break_holder] -->    <\/p>\n<div><!-- [et_pb_line_break_holder] -->    <\/div>\n<p><!-- [et_pb_line_break_holder] -->    <\/p>\n<div class=\"infusion-submit\"><!-- [et_pb_line_break_holder] -->        <button class=\"infusion-recaptcha\" id=\"recaptcha_e6a3629b637a451507e1191a5fed6e1e\" type=\"submit\">Envoyer<\/button><!-- [et_pb_line_break_holder] -->    <\/div>\n<p><!-- [et_pb_line_break_holder] --><\/form>\n<p><!-- [et_pb_line_break_holder] --><script type=\"text\/javascript\" src=\"https:\/\/vp301.infusionsoft.app\/app\/webTracking\/getTrackingCode\"><\/script><!-- [et_pb_line_break_holder] --><script type=\"text\/javascript\" src=\"https:\/\/vp301.infusionsoft.com\/resources\/external\/recaptcha\/production\/recaptcha.js?b=1.70.0.712351-hf-202409111848\"><\/script><!-- [et_pb_line_break_holder] --><script src=\"https:\/\/www.google.com\/recaptcha\/api.js?onload=onloadInfusionRecaptchaCallback&amp;render=explicit\" async=\"async\" defer><\/script><!-- [et_pb_line_break_holder] --><script type=\"text\/javascript\" src=\"https:\/\/vp301.infusionsoft.com\/app\/timezone\/timezoneInputJs?xid=e6a3629b637a451507e1191a5fed6e1e\"><\/script><!-- [et_pb_line_break_holder] --><script type=\"text\/javascript\" src=\"https:\/\/vp301.infusionsoft.com\/js\/jquery\/jquery-3.3.1.js\"><\/script><!-- [et_pb_line_break_holder] --><script type=\"text\/javascript\" src=\"https:\/\/vp301.infusionsoft.app\/app\/webform\/overwriteRefererJs\"><\/script>[\/et_pb_code][\/et_pb_column][\/et_pb_row][\/et_pb_section]<\/p>\n","protected":false},"excerpt":{"rendered":"<p>Acc\u00e8s gratuit\u00e0 la salle des march\u00e9s virtuelle de T3 Live Pour une dur\u00e9e limit\u00e9e, les clients qualifi\u00e9s de CenterPoint peuvent acc\u00e9der gratuitement aux salles de march\u00e9 virtuelles T3 Live Alpha Team et Pro Desk. Les clients Edge Pro b\u00e9n\u00e9ficient d&rsquo;un acc\u00e8s permanent et les clients Edge Active d&rsquo;un acc\u00e8s gratuit pendant trois mois. Demandez l&rsquo;acc\u00e8s [&hellip;]<\/p>\n","protected":false},"author":9,"featured_media":0,"parent":0,"menu_order":0,"comment_status":"closed","ping_status":"closed","template":"","meta":{"_et_pb_use_builder":"on","_et_pb_old_content":"","_et_gb_content_width":"","footnotes":""},"class_list":["post-31062","page","type-page","status-publish","hentry"],"_links":{"self":[{"href":"https:\/\/centerpointsecurities.ca\/fr\/wp-json\/wp\/v2\/pages\/31062","targetHints":{"allow":["GET"]}}],"collection":[{"href":"https:\/\/centerpointsecurities.ca\/fr\/wp-json\/wp\/v2\/pages"}],"about":[{"href":"https:\/\/centerpointsecurities.ca\/fr\/wp-json\/wp\/v2\/types\/page"}],"author":[{"embeddable":true,"href":"https:\/\/centerpointsecurities.ca\/fr\/wp-json\/wp\/v2\/users\/9"}],"replies":[{"embeddable":true,"href":"https:\/\/centerpointsecurities.ca\/fr\/wp-json\/wp\/v2\/comments?post=31062"}],"version-history":[{"count":5,"href":"https:\/\/centerpointsecurities.ca\/fr\/wp-json\/wp\/v2\/pages\/31062\/revisions"}],"predecessor-version":[{"id":31067,"href":"https:\/\/centerpointsecurities.ca\/fr\/wp-json\/wp\/v2\/pages\/31062\/revisions\/31067"}],"wp:attachment":[{"href":"https:\/\/centerpointsecurities.ca\/fr\/wp-json\/wp\/v2\/media?parent=31062"}],"curies":[{"name":"wp","href":"https:\/\/api.w.org\/{rel}","templated":true}]}}